{"id":38,"date":"2020-07-20T14:41:20","date_gmt":"2020-07-20T12:41:20","guid":{"rendered":"http:\/\/paneco.eu\/?page_id=38"},"modified":"2026-01-20T10:49:48","modified_gmt":"2026-01-20T09:49:48","slug":"strona-glowna","status":"publish","type":"page","link":"https:\/\/paneco.eu\/pl\/","title":{"rendered":"Start"},"content":{"rendered":"<div>\t\t\t\t<div class=\"swiper-box\">\r\n\t\t\t\t\t<div id=\"swiper-main-slider\" class=\"swiper-slider swiper-container main-slider type-default\">\r\n\t\t\t\t\t\t<div class=\"swiper-wrapper\">\r\n\t\t\t\t\t\t\t\t\t\t\t\t\t\t\t\t\t\t\t<div class=\"swiper-slide slide slide-1\">\r\n\t\t\t\t\t\t\t\t\t\t\t\t\t<div class=\"slide__container container\">\r\n\t<div class=\"slide__content\">\r\n\t\t<div class=\"slide__h\">Pa\u0144stwa logistyka<br>w dobrych r\u0119kach<\/div><div class=\"slide__desc\">Sie\u0107 europejskich spedytor\u00f3w<br>dostarczy wszystko na miejsce i czas<\/div><div class=\"slide__button-wrap\"><a class=\"slide__button button\" href=\"\/dlaczego-warto\/?lang=pl\">Sprawd\u017a!<\/a><\/div>\t<\/div>\r\n<\/div>\t\t\t\t\t\t\t\t\t\t\t\t<\/div>\r\n\t\t\t\t\t\t\t\t\t\t\t\t\t\t\t\t\t\t\t\t\t\t\t<div class=\"swiper-slide slide slide-2\">\r\n\t\t\t\t\t\t\t\t\t\t\t\t\t<div class=\"slide__container container\">\r\n\t<div class=\"slide__content\">\r\n\t\t<div class=\"slide__h\">Razem silni<\/div><div class=\"slide__desc\">Paneco \u2013 Pan-European Transport Network<\/div><div class=\"slide__button-wrap\"><a class=\"slide__button button\" href=\"\/dlaczego-warto\/?lang=pl\">Sprawd\u017a nas!<\/a><\/div>\t<\/div>\r\n<\/div>\t\t\t\t\t\t\t\t\t\t\t\t<\/div>\r\n\t\t\t\t\t\t\t\t\t\t\t\t\t\t\t\t\t<\/div>\r\n\t\t\t\t\t<\/div>\r\n\r\n\t\t\t\t\t\t\t\t\t\t\t\t\t<div class=\"swiper-button swiper-button-prev swiper-main-slider-button-prev\"><svg class=\"svg-icon long-arrow-alt-left-fa\" aria-hidden=\"true\" version=\"1.1\" xmlns=\"http:\/\/www.w3.org\/2000\/svg\" viewBox=\"0 0 448 512\"><path class=\"svg-icon__path path-0\" d=\"M107.515 150.971L8.485 250c-4.686 4.686-4.686 12.284 0 16.971L107.515 366c7.56 7.56 20.485 2.206 20.485-8.485v-71.03h308c6.627 0 12-5.373 12-12v-32c0-6.627-5.373-12-12-12H128v-71.03c0-10.69-12.926-16.044-20.485-8.484z\" vector-effect=\"non-scaling-stroke\"><\/path><\/svg><\/div>\r\n\t\t\t\t\t\t\t\t<div class=\"swiper-button swiper-button-next swiper-main-slider-button-next\"><svg class=\"svg-icon long-arrow-alt-right-fa\" aria-hidden=\"true\" version=\"1.1\" xmlns=\"http:\/\/www.w3.org\/2000\/svg\" viewBox=\"0 0 448 512\"><path class=\"svg-icon__path path-0\" d=\"M340.485 366l99.03-99.029c4.686-4.686 4.686-12.284 0-16.971l-99.03-99.029c-7.56-7.56-20.485-2.206-20.485 8.485v71.03H12c-6.627 0-12 5.373-12 12v32c0 6.627 5.373 12 12 12h308v71.03c0 10.689 12.926 16.043 20.485 8.484z\" vector-effect=\"non-scaling-stroke\"><\/path><\/svg><\/div>\r\n\t\t\t\t\t\t\t\r\n\t\t\t\t\t\r\n\t\t\t\t\t\t\t\t\t<\/div>\r\n\t\t\t<\/div>\r\n<div class=\"lv--1\">\r\n<div class=\"container\">\r\n<div class=\"row\">\r\n<div class=\"col-md-6\" data-aos=\"fade-right\">\r\n<h1 class=\"site__h\">Paneuropejska sie\u0107 transportowa<\/h1>\r\n<div class=\"p\">Paneco jest pierwszym podmiotem zrzeszaj\u0105cym na tak\u0105 skal\u0119 przewo\u017anik\u00f3w z niemal wszystkich kraj\u00f3w w Europie, kt\u00f3rzy tworz\u0105 efektywn\u0105 sie\u0107 transportowo-spedycyjn\u0105 dla swoich klient\u00f3w. Tworzymy unikalne rozwi\u0105zanie w skali Europy.<\/div>\r\n<img src=\"\/wp-content\/uploads\/2021\/03\/Sg__lvl-1.png\" alt=\"Paneuropejska sie\u0107 transportowa\" \/>\r\n\r\n<\/div>\r\n<div class=\"col-md-6 lv--1__items\">\r\n<div class=\"lv--1__item\" data-aos=\"fade-up\">\r\n<div class=\"lv--1__icon\"><img src=\"\/wp-content\/uploads\/2021\/03\/Sg__lvl-1____ikona____partnerstwo.png\" alt=\"Partnerstwo\u2026\" \/><\/div>\r\n<h3 class=\"lv--1__h\">Partnerstwo\u2026<\/h3>\r\n<div class=\"p\">\u2026 kt\u00f3re wszystkim si\u0119 op\u0142aca. Z nami mo\u017cesz wi\u0119cej \u2013 zar\u00f3wno jako profesjonalista dzia\u0142aj\u0105cy w bran\u017cy TSL, jak i klient szukaj\u0105cy rozwi\u0105za\u0144 logistycznych w Europie.<\/div>\r\n<\/div>\r\n<div class=\"lv--1__item\" data-aos=\"fade-up\">\r\n<div class=\"lv--1__icon\"><img src=\"\/wp-content\/uploads\/2021\/03\/Sg__lvl-1____ikona____jakosc.png\" alt=\"Jako\u015b\u0107\" \/><\/div>\r\n<h3 class=\"lv--1__h\">Jako\u015b\u0107<\/h3>\r\n<div class=\"p\">Wsp\u00f3\u0142praca w sieci to gwarancja jednolitych i wysokich standard\u00f3w zawodowych z korzy\u015bci\u0105 dla wszystkich. Jeste\u015bmy blisko naszego biznesu i klient\u00f3w.<\/div>\r\n<\/div>\r\n<div class=\"lv--1__item\" data-aos=\"fade-up\">\r\n<div class=\"lv--1__icon\"><img src=\"\/wp-content\/uploads\/2021\/03\/Sg__lvl-1____ikona____konkurencyjnosc.png\" alt=\"Konkurencyjno\u015b\u0107\" \/><\/div>\r\n<h3 class=\"lv--1__h\">Konkurencyjno\u015b\u0107<\/h3>\r\n<div class=\"p\">Mniejsze firmy mog\u0105 wi\u0119cej w grupie. Paneco poszerza jej zasi\u0119g i tworzy konkurencyjn\u0105 ofert\u0119 z korzy\u015bci\u0105 dla wszystkich swoich interesariuszy.<\/div>\r\n<\/div>\r\n<\/div>\r\n<\/div>\r\n<div class=\"row text-center\">\r\n<div class=\"col-md-12\"><iframe src=\"https:\/\/youtube.com\/embed\/B2CX0G1xZGI?controls=0&amp;showinfo=0\" width=\"100%\" height=\"500px\"><\/iframe><\/div>\r\n<\/div>\r\n<\/div>\r\n<\/div>\r\n<div class=\"lv--2\">\r\n<div class=\"container\">\r\n<h2 class=\"site__h text-center\" data-aos=\"fade-up\">Wszechstronne korzy\u015bci partnerstwa<\/h2>\r\n<div class=\"site__desc text-center\" data-aos=\"fade-up\">Wsp\u00f3\u0142praca, kt\u00f3ra si\u0119 op\u0142aca. Nowa jako\u015b\u0107 na europejskim rynku TSL.<\/div>\r\n<div class=\"lv--2__tabs\" data-aos=\"fade-up\">\r\n<ul class=\"nav nav-tabs\" role=\"tablist\">\r\n \t<li class=\"nav-item\" role=\"presentation\"><a class=\"nav-link active\" role=\"tab\" href=\"#tab-paneuropejsko\" data-bs-toggle=\"tab\" aria-selected=\"true\"><img src=\"\/wp-content\/uploads\/2021\/03\/Sg__lvl-2____ikona____01__panaeuropejsko.png\" alt=\"Paneuropejsko\" \/>Paneuropejsko<\/a><\/li>\r\n \t<li class=\"nav-item\" role=\"presentation\"><a class=\"nav-link\" role=\"tab\" href=\"#tab-kompleksowo\" data-bs-toggle=\"tab\" aria-selected=\"false\"><img src=\"\/wp-content\/uploads\/2021\/03\/Sg__lvl-2____ikona____02__kompleksowo.png\" alt=\"Kompleksowo\" \/>Kompleksowo<\/a><\/li>\r\n \t<li class=\"nav-item\" role=\"presentation\"><a class=\"nav-link\" role=\"tab\" href=\"#tab-wyj\u0105tkowe-korzystnie\" data-bs-toggle=\"tab\" aria-selected=\"false\"><img src=\"\/wp-content\/uploads\/2021\/03\/Sg__lvl-2____ikona____03__wyjatkowe.png\" alt=\"Wyj\u0105tkowe korzystnie\" \/>Wyj\u0105tkowe korzystnie<\/a><\/li>\r\n \t<li class=\"nav-item\" role=\"presentation\"><a class=\"nav-link\" role=\"tab\" href=\"#tab-na-najwyzszym-poziomie\" data-bs-toggle=\"tab\" aria-selected=\"false\"><img src=\"\/wp-content\/uploads\/2021\/03\/Sg__lvl-2____ikona____04__na-najwyzszym-poziomie.png\" alt=\"Na najwy\u017cszym poziomie\" \/>Na najwy\u017cszym poziomie<\/a><\/li>\r\n<\/ul>\r\n<div class=\"tab-content\">\r\n<div id=\"tab-paneuropejsko\" class=\"tab-pane fade show active\" role=\"tabpanel\">Paneco dzia\u0142a na terenie ca\u0142ej Europy, eliminuj\u0105c granice geograficzne, kulturowe czy j\u0119zykowe. Zrzeszamy profesjonalist\u00f3w z ca\u0142ej Unii Europejskiej i z wi\u0119kszo\u015bci kraj\u00f3w spoza niej. Dzi\u0119ki naszej platformie przesy\u0142ki naszych klient\u00f3w trafi\u0105 bezpo\u015brednio z kraju do kraju.<\/div>\r\n<div id=\"tab-kompleksowo\" class=\"tab-pane fade\" role=\"tabpanel\">Jeden kontakt z jedn\u0105 firm\u0105 otwiera Pa\u0144stwu drzwi na ca\u0142\u0105 Europ\u0119. Paneco poprzez swoich partner\u00f3w oferuje kompleksowe us\u0142ugi TSL (transport, spedycja, logistyka) ponad granicami. Nasi przewo\u017anicy realizuj\u0105 przesy\u0142ki drobnicowe, cz\u0119\u015bciowe i ca\u0142opojazdowe.<\/div>\r\n<div id=\"tab-wyj\u0105tkowe-korzystnie\" class=\"tab-pane fade\" role=\"tabpanel\">Zar\u00f3wno nasi partnerzy, czyli cz\u0142onkowie Paneco, jak i ich klienci korzystaj\u0105 z tego partnerstwa. To wsp\u00f3\u0142praca, kt\u00f3ra op\u0142aca si\u0119 ka\u017cdej ze stron. Tworzymy bowiem ofert\u0119 konkurencyjn\u0105 wobec globalnych przewo\u017anik\u00f3w. Wykorzystujemy najlepsze praktyki stosuj\u0105c optymalne rozwi\u0105zania pod wzgl\u0119dem proces\u00f3w oraz koszt\u00f3w.<\/div>\r\n<div id=\"tab-na-najwyzszym-poziomie\" class=\"tab-pane fade\" role=\"tabpanel\">Przynale\u017cno\u015b\u0107 do wsp\u00f3lnego systemu daje gwarancj\u0119 jednolitych zasad. Te za\u015b wp\u0142ywaj\u0105 na cenniki wzajemnych rozlicze\u0144, jako\u015b\u0107 \u015bwiadczonych us\u0142ug oraz ich zakres. Wsp\u00f3lna platforma do zlecenia i monitorowania przesy\u0142ek to kropka nad i naszej sieci powi\u0105za\u0144. Dla nas Europa jest jednym rynkiem a us\u0142uga z jednego jej kra\u0144ca na inny nie jest wyzwaniem.<\/div>\r\n<\/div>\r\n<\/div>\r\n<\/div>\r\n<\/div>\r\n<div class=\"lv--3\">\r\n<div class=\"container\">\r\n<div class=\"site__h text-center\" data-aos=\"fade-up\">Przekonaj si\u0119, \u017ce warto by\u0107 lub wsp\u00f3\u0142pracowa\u0107 z nami!<\/div>\r\n<div class=\"site__desc text-center\" data-aos=\"fade-up\">Do\u0142\u0105cz do nas jako przewo\u017anik lub znajd\u017a naszego partnera!<\/div>\r\n<div class=\"row nc-2\">\r\n<div class=\"col-md-6\" data-aos=\"fade-up\">\r\n<div class=\"lv--3__bg\">\r\n<div class=\"lv--3__h\">Gdy prowadzisz firm\u0119 z sektora TSL<\/div>\r\n<div class=\"p\">Do\u0142\u0105cz do sieci Paneco, rozwijaj swoj\u0105 firm\u0119 i biznes. Poszerzaj horyzonty, zwi\u0119ksz swoje mo\u017cliwo\u015bci. Twoi klienci na pewno to doceni\u0105!<\/div>\r\n<a class=\"button\" href=\"\/dlaczego-warto\/?lang=pl\/#dla-klientow\">Sprawd\u017a!<\/a>\r\n\r\n<\/div>\r\n<\/div>\r\n<div class=\"col-md-6\" data-aos=\"fade-up\">\r\n<div class=\"lv--3__bg\">\r\n<div class=\"lv--3__h\">Gdy szukasz partnera do transportu<\/div>\r\n<div class=\"p\">\u0141\u0105czymy korzystnie firmy spedycyjne z ca\u0142ej Europy dla sprawnej dystrybucji Pa\u0144stwa towar\u00f3w.<\/div>\r\n<a class=\"button\" href=\"\/dlaczego-warto\/?lang=pl\/#dla-firm-transportowych\">Sprawd\u017a!<\/a>\r\n\r\n<\/div>\r\n<\/div>\r\n<\/div>\r\n<\/div>\r\n<\/div>\r\n<div class=\"lv--4\">\r\n<div class=\"container\">\r\n<div class=\"lv--4__content\" data-aos=\"fade-up\">\r\n<div class=\"lv--4__h h\">Pa\u0144stwa spedycja w Europie w dobrych r\u0119kach<\/div>\r\n<div class=\"lv--4__p\">Paneco \u2013 niezawodno\u015b\u0107 i pewno\u015b\u0107<\/div>\r\n<\/div>\r\n<div class=\"lv--4__button\" data-aos=\"fade-right\"><a class=\"button\" href=\"\/pl\/kontakt\/\">Kontakt<\/a><\/div>\r\n<\/div>\r\n<\/div>\r\n<div class=\"lv--5\">\r\n<div id=\"partners\" class=\"container\">\r\n<h2 class=\"site__h text-center\" data-aos=\"fade-up\">Nasi partnerzy \u2013 firmy cz\u0142onkowskie<\/h2>\r\n<div class=\"site__desc text-center\" data-aos=\"fade-up\">Paneco to nowa organizacja na rynku europejskim, dlatego ca\u0142y czas ro\u015bniemy w si\u0142\u0119.<\/div>\r\n<div data-aos=\"fade-up\"><!--[slider-swiper id=\"436\"]-->\r\n<!--Logotypy-->\r\n<div class=\"row text-center\">\r\n\t<div class=\"col-md-4\">\r\n\t\t<div class=\"partner\">\r\n\t\t\t<a href=\"https:\/\/www.ncs.fi\" target=\"_blank\" rel=\"noopener\">\r\n\t\t\t\t<img src=\"\/wp-content\/uploads\/2021\/03\/logo-ncs.jpg\">\r\n\t\t\t<\/a>\r\n\t\t<\/div>\r\n\t<\/div>\r\n\t<div class=\"col-md-4\">\r\n\t\t<div class=\"partner\">\r\n\t\t\t<a href=\"https:\/\/transaher.es\" target=\"_blank\" rel=\"noopener\">\r\n\t\t\t\t<img src=\"\/wp-content\/uploads\/2022\/11\/logo-transaher-small-1.png\">\r\n\t\t\t<\/a>\r\n\t\t<\/div>\r\n\t<\/div>\r\n\t<div class=\"col-md-4\">\r\n\t\t<div class=\"partner\">\r\n\t\t\t<a href=\"https:\/\/www.simarco.com\" target=\"_blank\" rel=\"noopener\">\r\n\t\t\t\t<img src=\"\/wp-content\/uploads\/2021\/02\/logo-5.png\">\r\n\t\t\t<\/a>\r\n\t\t<\/div>\r\n\t<\/div>\r\n\t<div class=\"col-md-4\">\r\n\t\t<div class=\"partner\">\r\n\t\t\t<a href=\"https:\/\/kommodus.pl\" target=\"_blank\" rel=\"noopener\">\r\n\t\t\t\t<img src=\"\/wp-content\/uploads\/2021\/04\/logo-poziome-bez-tla.png\">\r\n\t\t\t<\/a>\r\n\t\t<\/div>\r\n\t<\/div>\r\n\t<div class=\"col-md-4\">\r\n\t\t<div class=\"partner\">\r\n\t\t\t<a href=\"https:\/\/www.abc-network.eu\" target=\"_blank\" rel=\"noopener\">\r\n\t\t\t\t<img src=\"\/wp-content\/uploads\/2021\/02\/logo-3.png\">\r\n\t\t\t<\/a>\r\n\t\t<\/div>\r\n\t<\/div>\r\n\t<div class=\"col-md-4\">\r\n\t\t<div class=\"partner\">\r\n\t\t\t<a href=\"https:\/\/cargo24.ch\" target=\"_blank\" rel=\"noopener\">\r\n\t\t\t\t<img src=\"\/wp-content\/uploads\/2021\/02\/logo-2.png\">\r\n\t\t\t<\/a>\r\n\t\t<\/div>\r\n\t<\/div>\r\n\t<div class=\"col-md-4\">\r\n\t\t<div class=\"partner\">\r\n\t\t\t<a href=\"https:\/\/www.elvis-ag.com\" target=\"_blank\" rel=\"noopener\">\r\n\t\t\t\t<img src=\"\/wp-content\/uploads\/2021\/02\/logo-1.png\">\r\n\t\t\t<\/a>\r\n\t\t<\/div>\r\n\t<\/div>\r\n\t<div class=\"col-md-4\">\r\n\t\t<div class=\"partner\">\r\n\t\t\t<a href=\"https:\/\/www.transnautica.pt\/pt\" target=\"_blank\" rel=\"noopener\">\r\n\t\t\t\t<img src=\"\/wp-content\/uploads\/2021\/03\/logo-1-1.png\">\r\n\t\t\t<\/a>\r\n\t\t<\/div>\r\n\t<\/div>\r\n\t<!-- <div class=\"col-md-4\">\r\n\t\t<div class=\"partner\">\r\n\t\t\t<a href=\"https:\/\/goellner-spedition.eu\/\" target=\"_blank\" rel=\"noopener\">\r\n\t\t\t\t<img src=\"\/wp-content\/uploads\/2021\/03\/goellner_logo2_kl-16.png\">\r\n\t\t\t<\/a>\r\n\t\t<\/div>\r\n\t<\/div> -->\r\n\t<div class=\"col-md-4\">\r\n\t\t<div class=\"partner\">\r\n\t\t\t<a href=\"https:\/\/www.tka.rs\" target=\"_blank\" rel=\"noopener\">\r\n\t\t\t\t<img src=\"\/wp-content\/uploads\/2024\/06\/tkalogo.png\">\r\n\t\t\t<\/a>\r\n\t\t<\/div>\r\n\t<\/div>\r\n\t<div class=\"col-md-4\">\r\n\t\t<div class=\"partner\">\r\n\t\t\t<a href=\"https:\/\/www.hst.nl\/en\/\" target=\"_blank\" rel=\"noopener\">\r\n\t\t\t\t<img src=\"\/wp-content\/uploads\/2021\/03\/HST-Groep.jpg\">\r\n\t\t\t<\/a>\r\n\t\t<\/div>\r\n\t<\/div>\r\n\t<div class=\"col-md-4\">\r\n\t\t<div class=\"partner\">\r\n\t\t\t<a href=\"https:\/\/www.allmed.ie\/\" target=\"_blank\" rel=\"noopener\">\r\n\t\t\t\t<img src=\"\/wp-content\/uploads\/2021\/03\/allmed-logo.png\">\r\n\t\t\t<\/a>\r\n\t\t<\/div>\r\n\t<\/div>\r\n\t<div class=\"col-md-4\">\r\n\t\t<div class=\"partner\">\r\n\t\t\t<a href=\"https:\/\/www.vit-log.cz\" target=\"_blank\" rel=\"noopener\">\r\n\t\t\t\t<img src=\"\/wp-content\/uploads\/2021\/03\/logo-1.png\">\r\n\t\t\t<\/a>\r\n\t\t<\/div>\r\n\t<\/div>\r\n\t<div class=\"col-md-4\">\r\n\t\t<div class=\"partner\">\r\n\t\t\t<a href=\"https:\/\/www.ntex.se\" target=\"_blank\" rel=\"noopener\">\r\n\t\t\t\t<img src=\"\/wp-content\/uploads\/2021\/05\/ntex.png\">\r\n\t\t\t<\/a>\r\n\t\t<\/div>\r\n\t<\/div>\r\n\t<!-- <div class=\"col-md-4\">\r\n\t\t<div class=\"partner\">\r\n\t\t\t<a href=\"https:\/\/www.vieslogistics.com\/\" target=\"_blank\" rel=\"noopener\">\r\n\t\t\t\t<img src=\"\/wp-content\/uploads\/2021\/11\/vies-logistics.jpg\">\r\n\t\t\t<\/a>\r\n\t\t<\/div>\r\n\t<\/div> -->\r\n\t<!-- <div class=\"col-md-4\">\r\n\t\t<div class=\"partner\">\r\n\t\t\t<a href=\"https:\/\/www.jetlogistics.eu\/\" target=\"_blank\" rel=\"noopener\">\r\n\t\t\t\t<img src=\"\/wp-content\/uploads\/2021\/11\/jet-logistics.jpg\">\r\n\t\t\t<\/a>\r\n\t\t<\/div>\r\n\t<\/div> -->\r\n\t<div class=\"col-md-4\">\r\n\t\t<div class=\"partner\">\r\n\t\t\t<a href=\"https:\/\/www.ctsgroup.nl\/\" target=\"_blank\" rel=\"noopener\">\r\n\t\t\t\t<img src=\"\/wp-content\/uploads\/2025\/07\/logo-cts.png\">\r\n\t\t\t<\/a>\r\n\t\t<\/div>\r\n\t<\/div>\r\n\t<!-- <div class=\"col-md-4\">\r\n\t\t<div class=\"partner\">\r\n\t\t\t<a href=\"https:\/\/fevzigandur.com\/\" target=\"_blank\" rel=\"noopener\">\r\n\t\t\t\t<img src=\"\/wp-content\/uploads\/2021\/11\/fevzi-gandur-logistics.jpg\">\r\n\t\t\t<\/a>\r\n\t\t<\/div>\r\n\t<\/div> -->\r\n\t<div class=\"col-md-4\">\r\n\t\t<div class=\"partner\">\r\n\t\t\t<a href=\"https:\/\/www.toten-transport.no\/\" target=\"_blank\" rel=\"noopener\">\r\n\t\t\t\t<img src=\"\/wp-content\/uploads\/2025\/07\/logo-toten.png\">\r\n\t\t\t<\/a>\r\n\t\t<\/div>\r\n\t<\/div>\r\n\t<div class=\"col-md-4\">\r\n\t\t<div class=\"partner\">\r\n\t\t\t<a href=\"https:\/\/www.delamode-group.com\/\" target=\"_blank\" rel=\"noopener\">\r\n\t\t\t\t<img src=\"\/wp-content\/uploads\/2021\/12\/delamode.jpg\">\r\n\t\t\t<\/a>\r\n\t\t<\/div>\r\n\t<\/div>\r\n\t<!-- <div class=\"col-md-4\">\r\n\t\t<div class=\"partner\">\r\n\t\t\t<a href=\"https:\/\/www.iltlogistics.gr\/\" target=\"_blank\" rel=\"noopener\">\r\n\t\t\t\t<img src=\"\/wp-content\/uploads\/2022\/11\/ILT_Logistics-1.png\">\r\n\t\t\t<\/a>\r\n\t\t<\/div>\r\n\t<\/div> -->\r\n\t<div class=\"col-md-4\">\r\n\t\t<div class=\"partner\">\r\n\t\t\t<a href=\"https:\/\/santosevale.pt\/\" target=\"_blank\" rel=\"noopener\">\r\n\t\t\t\t<img src=\"\/wp-content\/uploads\/2025\/07\/logo-santosevale.png\">\r\n\t\t\t<\/a>\r\n\t\t<\/div>\r\n\t<\/div>\r\n\t<div class=\"col-md-4\">\r\n\t\t<div class=\"partner\">\r\n\t\t\t<a href=\"https:\/\/www.pedretti.fr\" target=\"_blank\" rel=\"noopener\">\r\n\t\t\t\t<img src=\"\/wp-content\/uploads\/2024\/10\/pedretti.png\" \/>\r\n\t\t\t<\/a>\r\n\t\t<\/div>\r\n\t<\/div>\r\n\t<div class=\"col-md-4\">\r\n\t\t<div class=\"partner\">\r\n\t\t\t<a href=\"https:\/\/www.locargo.hu\" target=\"_blank\" rel=\"noopener\">\r\n\t\t\t\t<img src=\"\/wp-content\/uploads\/2024\/06\/locargo-1.png\" \/>\r\n\t\t\t<\/a>\r\n\t\t<\/div>\r\n\t<\/div>\r\n\t<div class=\"col-md-4\">\r\n\t\t<div class=\"partner\">\r\n\t\t\t<a href=\"https:\/\/icon-x.am\" target=\"_blank\" rel=\"noopener\">\r\n\t\t\t\t<img src=\"\/wp-content\/uploads\/2026\/01\/iconx.png\" \/>\r\n\t\t\t<\/a>\r\n\t\t<\/div>\r\n\t<\/div>\r\n<\/div>\r\n\r\n<div class=\"lv--4__button text-center\"><a class=\"button\" href=\"pl\/map\">Mapa naszych partner\u00f3w<\/a><\/div>\r\n<\/div>\r\n<\/div>\r\n<\/div>","protected":false},"excerpt":{"rendered":"Paneuropejska sie\u0107 transportowa Paneco jest pierwszym podmiotem zrzeszaj\u0105cym na tak\u0105 skal\u0119 przewo\u017anik\u00f3w z niemal wszystkich kraj\u00f3w w Europie, kt\u00f3rzy tworz\u0105 efektywn\u0105 sie\u0107 transportowo-spedycyjn\u0105 dla swoich klient\u00f3w. Tworzymy unikalne rozwi\u0105zanie w skali Europy. Partnerstwo\u2026 \u2026 kt\u00f3re wszystkim si\u0119 op\u0142aca. Z nami mo\u017cesz wi\u0119cej \u2013 zar\u00f3wno jako profesjonalista dzia\u0142aj\u0105cy w bran\u017cy TSL, jak i klient szukaj\u0105cy rozwi\u0105za\u0144 [&hellip;]","protected":false},"author":1,"featured_media":0,"parent":0,"menu_order":0,"comment_status":"closed","ping_status":"closed","template":"templates\/page-full-width.php","meta":{"inline_featured_image":false},"yoast_head":"<!-- This site is optimized with the Yoast SEO plugin v19.4 - https:\/\/yoast.com\/wordpress\/plugins\/seo\/ -->\n<title>Paneuropejska sie\u0107 transportowa Paneco<\/title>\n<meta name=\"description\" content=\"Paneco: Pan-European Transport Network. Do\u0142\u0105cz do nas i poszerz zasi\u0119g i zakres us\u0142ug dzi\u0119ki partnerstwu w jedynej takiej sieci w Europie! Jeste\u015bmy blisko naszych klient\u00f3w!\" \/>\n<meta name=\"robots\" content=\"index, follow, max-snippet:-1, max-image-preview:large, max-video-preview:-1\" \/>\n<link rel=\"canonical\" href=\"https:\/\/paneco.eu\/pl\/\" \/>\n<meta property=\"og:locale\" content=\"pl_PL\" \/>\n<meta property=\"og:type\" content=\"article\" \/>\n<meta property=\"og:title\" content=\"Paneuropejska sie\u0107 transportowa Paneco\" \/>\n<meta property=\"og:description\" content=\"Paneco: Pan-European Transport Network. Do\u0142\u0105cz do nas i poszerz zasi\u0119g i zakres us\u0142ug dzi\u0119ki partnerstwu w jedynej takiej sieci w Europie! Jeste\u015bmy blisko naszych klient\u00f3w!\" \/>\n<meta property=\"og:url\" content=\"https:\/\/paneco.eu\/pl\/\" \/>\n<meta property=\"og:site_name\" content=\"Paneco\" \/>\n<meta property=\"article:modified_time\" content=\"2026-01-20T09:49:48+00:00\" \/>\n<meta name=\"twitter:card\" content=\"summary_large_image\" \/>\n<meta name=\"twitter:label1\" content=\"Szacowany czas czytania\" \/>\n\t<meta name=\"twitter:data1\" content=\"9 minut\" \/>\n<script type=\"application\/ld+json\" class=\"yoast-schema-graph\">{\"@context\":\"https:\/\/schema.org\",\"@graph\":[{\"@type\":\"Organization\",\"@id\":\"https:\/\/paneco.eu\/#organization\",\"name\":\"PANECO\",\"url\":\"https:\/\/paneco.eu\/\",\"sameAs\":[],\"logo\":{\"@type\":\"ImageObject\",\"inLanguage\":\"pl-PL\",\"@id\":\"https:\/\/paneco.eu\/#\/schema\/logo\/image\/\",\"url\":\"https:\/\/paneco.eu\/wp-content\/uploads\/2024\/07\/paneco-news.jpg\",\"contentUrl\":\"https:\/\/paneco.eu\/wp-content\/uploads\/2024\/07\/paneco-news.jpg\",\"width\":1360,\"height\":545,\"caption\":\"PANECO\"},\"image\":{\"@id\":\"https:\/\/paneco.eu\/#\/schema\/logo\/image\/\"}},{\"@type\":\"WebSite\",\"@id\":\"https:\/\/paneco.eu\/#website\",\"url\":\"https:\/\/paneco.eu\/\",\"name\":\"Paneco\",\"description\":\"Pan-European Transport Network\",\"publisher\":{\"@id\":\"https:\/\/paneco.eu\/#organization\"},\"potentialAction\":[{\"@type\":\"SearchAction\",\"target\":{\"@type\":\"EntryPoint\",\"urlTemplate\":\"https:\/\/paneco.eu\/?s={search_term_string}\"},\"query-input\":\"required name=search_term_string\"}],\"inLanguage\":\"pl-PL\"},{\"@type\":\"WebPage\",\"@id\":\"https:\/\/paneco.eu\/pl\/\",\"url\":\"https:\/\/paneco.eu\/pl\/\",\"name\":\"Paneuropejska sie\u0107 transportowa Paneco\",\"isPartOf\":{\"@id\":\"https:\/\/paneco.eu\/#website\"},\"datePublished\":\"2020-07-20T12:41:20+00:00\",\"dateModified\":\"2026-01-20T09:49:48+00:00\",\"description\":\"Paneco: Pan-European Transport Network. Do\u0142\u0105cz do nas i poszerz zasi\u0119g i zakres us\u0142ug dzi\u0119ki partnerstwu w jedynej takiej sieci w Europie! Jeste\u015bmy blisko naszych klient\u00f3w!\",\"breadcrumb\":{\"@id\":\"https:\/\/paneco.eu\/pl\/#breadcrumb\"},\"inLanguage\":\"pl-PL\",\"potentialAction\":[{\"@type\":\"ReadAction\",\"target\":[\"https:\/\/paneco.eu\/pl\/\"]}]},{\"@type\":\"BreadcrumbList\",\"@id\":\"https:\/\/paneco.eu\/pl\/#breadcrumb\",\"itemListElement\":[{\"@type\":\"ListItem\",\"position\":1,\"name\":\"Start\",\"item\":\"https:\/\/paneco.eu\/pl\/\"},{\"@type\":\"ListItem\",\"position\":2,\"name\":\"Start\"}]}]}<\/script>\n<!-- \/ Yoast SEO plugin. -->","yoast_head_json":{"title":"Paneuropejska sie\u0107 transportowa Paneco","description":"Paneco: Pan-European Transport Network. Do\u0142\u0105cz do nas i poszerz zasi\u0119g i zakres us\u0142ug dzi\u0119ki partnerstwu w jedynej takiej sieci w Europie! Jeste\u015bmy blisko naszych klient\u00f3w!","robots":{"index":"index","follow":"follow","max-snippet":"max-snippet:-1","max-image-preview":"max-image-preview:large","max-video-preview":"max-video-preview:-1"},"canonical":"https:\/\/paneco.eu\/pl\/","og_locale":"pl_PL","og_type":"article","og_title":"Paneuropejska sie\u0107 transportowa Paneco","og_description":"Paneco: Pan-European Transport Network. Do\u0142\u0105cz do nas i poszerz zasi\u0119g i zakres us\u0142ug dzi\u0119ki partnerstwu w jedynej takiej sieci w Europie! Jeste\u015bmy blisko naszych klient\u00f3w!","og_url":"https:\/\/paneco.eu\/pl\/","og_site_name":"Paneco","article_modified_time":"2026-01-20T09:49:48+00:00","twitter_card":"summary_large_image","twitter_misc":{"Szacowany czas czytania":"9 minut"},"schema":{"@context":"https:\/\/schema.org","@graph":[{"@type":"Organization","@id":"https:\/\/paneco.eu\/#organization","name":"PANECO","url":"https:\/\/paneco.eu\/","sameAs":[],"logo":{"@type":"ImageObject","inLanguage":"pl-PL","@id":"https:\/\/paneco.eu\/#\/schema\/logo\/image\/","url":"https:\/\/paneco.eu\/wp-content\/uploads\/2024\/07\/paneco-news.jpg","contentUrl":"https:\/\/paneco.eu\/wp-content\/uploads\/2024\/07\/paneco-news.jpg","width":1360,"height":545,"caption":"PANECO"},"image":{"@id":"https:\/\/paneco.eu\/#\/schema\/logo\/image\/"}},{"@type":"WebSite","@id":"https:\/\/paneco.eu\/#website","url":"https:\/\/paneco.eu\/","name":"Paneco","description":"Pan-European Transport Network","publisher":{"@id":"https:\/\/paneco.eu\/#organization"},"potentialAction":[{"@type":"SearchAction","target":{"@type":"EntryPoint","urlTemplate":"https:\/\/paneco.eu\/?s={search_term_string}"},"query-input":"required name=search_term_string"}],"inLanguage":"pl-PL"},{"@type":"WebPage","@id":"https:\/\/paneco.eu\/pl\/","url":"https:\/\/paneco.eu\/pl\/","name":"Paneuropejska sie\u0107 transportowa Paneco","isPartOf":{"@id":"https:\/\/paneco.eu\/#website"},"datePublished":"2020-07-20T12:41:20+00:00","dateModified":"2026-01-20T09:49:48+00:00","description":"Paneco: Pan-European Transport Network. Do\u0142\u0105cz do nas i poszerz zasi\u0119g i zakres us\u0142ug dzi\u0119ki partnerstwu w jedynej takiej sieci w Europie! Jeste\u015bmy blisko naszych klient\u00f3w!","breadcrumb":{"@id":"https:\/\/paneco.eu\/pl\/#breadcrumb"},"inLanguage":"pl-PL","potentialAction":[{"@type":"ReadAction","target":["https:\/\/paneco.eu\/pl\/"]}]},{"@type":"BreadcrumbList","@id":"https:\/\/paneco.eu\/pl\/#breadcrumb","itemListElement":[{"@type":"ListItem","position":1,"name":"Start","item":"https:\/\/paneco.eu\/pl\/"},{"@type":"ListItem","position":2,"name":"Start"}]}]}},"_links":{"self":[{"href":"https:\/\/paneco.eu\/pl\/wp-json\/wp\/v2\/pages\/38"}],"collection":[{"href":"https:\/\/paneco.eu\/pl\/wp-json\/wp\/v2\/pages"}],"about":[{"href":"https:\/\/paneco.eu\/pl\/wp-json\/wp\/v2\/types\/page"}],"author":[{"embeddable":true,"href":"https:\/\/paneco.eu\/pl\/wp-json\/wp\/v2\/users\/1"}],"replies":[{"embeddable":true,"href":"https:\/\/paneco.eu\/pl\/wp-json\/wp\/v2\/comments?post=38"}],"version-history":[{"count":57,"href":"https:\/\/paneco.eu\/pl\/wp-json\/wp\/v2\/pages\/38\/revisions"}],"predecessor-version":[{"id":3125,"href":"https:\/\/paneco.eu\/pl\/wp-json\/wp\/v2\/pages\/38\/revisions\/3125"}],"wp:attachment":[{"href":"https:\/\/paneco.eu\/pl\/wp-json\/wp\/v2\/media?parent=38"}],"curies":[{"name":"wp","href":"https:\/\/api.w.org\/{rel}","templated":true}]}}