{"id":670,"date":"2020-07-20T14:41:20","date_gmt":"2020-07-20T12:41:20","guid":{"rendered":"http:\/\/paneco.eu\/strona-glowna\/"},"modified":"2026-01-20T10:50:27","modified_gmt":"2026-01-20T09:50:27","slug":"strona-glowna","status":"publish","type":"page","link":"https:\/\/paneco.eu\/fr\/","title":{"rendered":"Start"},"content":{"rendered":"<div style=\"margin-top: -90px;\">\t\t\t\t<div class=\"swiper-box\">\r\n\t\t\t\t\t<div id=\"swiper-main-slider\" class=\"swiper-slider swiper-container main-slider type-default\">\r\n\t\t\t\t\t\t<div class=\"swiper-wrapper\">\r\n\t\t\t\t\t\t\t\t\t\t\t\t\t\t\t\t\t\t\t<div class=\"swiper-slide slide slide-1\">\r\n\t\t\t\t\t\t\t\t\t\t\t\t\t<div class=\"slide__container container\">\r\n\t<div class=\"slide__content\">\r\n\t\t<div class=\"slide__h\">Votre logistique<br>entre de bonnes mains<\/div><div class=\"slide__desc\">Un r\u00e9seau de transitaires europ\u00e9ens<br>livre tout en temps et en heure<br>et au bon endroit<\/div><div class=\"slide__button-wrap\"><a class=\"slide__button button\" href=\"\/fr\/pourquoi-cela-en-vaut-il-la-peine\">Essayez-le !<\/a><\/div>\t<\/div>\r\n<\/div>\t\t\t\t\t\t\t\t\t\t\t\t<\/div>\r\n\t\t\t\t\t\t\t\t\t\t\t\t\t\t\t\t\t\t\t\t\t\t\t<div class=\"swiper-slide slide slide-2\">\r\n\t\t\t\t\t\t\t\t\t\t\t\t\t<div class=\"slide__container container\">\r\n\t<div class=\"slide__content\">\r\n\t\t<div class=\"slide__h\">L'union fait la force<\/div><div class=\"slide__desc\">Paneco - R\u00e9seau paneurop\u00e9en de transport<\/div><div class=\"slide__button-wrap\"><a class=\"slide__button button\" href=\"\/fr\/pourquoi-cela-en-vaut-il-la-peine\">Essayez-nous !<\/a><\/div>\t<\/div>\r\n<\/div>\t\t\t\t\t\t\t\t\t\t\t\t<\/div>\r\n\t\t\t\t\t\t\t\t\t\t\t\t\t\t\t\t\t<\/div>\r\n\t\t\t\t\t<\/div>\r\n\r\n\t\t\t\t\t\t\t\t\t\t\t\t\t<div class=\"swiper-button swiper-button-prev swiper-main-slider-button-prev\"><svg class=\"svg-icon long-arrow-alt-left-fa\" aria-hidden=\"true\" version=\"1.1\" xmlns=\"http:\/\/www.w3.org\/2000\/svg\" viewBox=\"0 0 448 512\"><path class=\"svg-icon__path path-0\" d=\"M107.515 150.971L8.485 250c-4.686 4.686-4.686 12.284 0 16.971L107.515 366c7.56 7.56 20.485 2.206 20.485-8.485v-71.03h308c6.627 0 12-5.373 12-12v-32c0-6.627-5.373-12-12-12H128v-71.03c0-10.69-12.926-16.044-20.485-8.484z\" vector-effect=\"non-scaling-stroke\"><\/path><\/svg><\/div>\r\n\t\t\t\t\t\t\t\t<div class=\"swiper-button swiper-button-next swiper-main-slider-button-next\"><svg class=\"svg-icon long-arrow-alt-right-fa\" aria-hidden=\"true\" version=\"1.1\" xmlns=\"http:\/\/www.w3.org\/2000\/svg\" viewBox=\"0 0 448 512\"><path class=\"svg-icon__path path-0\" d=\"M340.485 366l99.03-99.029c4.686-4.686 4.686-12.284 0-16.971l-99.03-99.029c-7.56-7.56-20.485-2.206-20.485 8.485v71.03H12c-6.627 0-12 5.373-12 12v32c0 6.627 5.373 12 12 12h308v71.03c0 10.689 12.926 16.043 20.485 8.484z\" vector-effect=\"non-scaling-stroke\"><\/path><\/svg><\/div>\r\n\t\t\t\t\t\t\t\r\n\t\t\t\t\t\r\n\t\t\t\t\t\t\t\t\t<\/div>\r\n\t\t\t<\/div>\r\n<div class=\"lv--1\"><div class=\"container\"><div class=\"row\">\r\n\t<div class=\"col-md-6\" data-aos=\"fade-right\">\r\n\t\t<h1 class=\"site__h\">R\u00e9seau de transport <span>paneurop\u00e9en<\/span><\/h1>\r\n\t\t<div class=\"p\">Paneco est la premi\u00e8re entreprise \u00e0 r\u00e9unir \u00e0 ce point des transitaires de presque tous les pays europ\u00e9ens afin de cr\u00e9er un r\u00e9seau de transport et d&rsquo;exp\u00e9dition efficace pour ses clients. Nous offrons une solution unique au niveau europ\u00e9en.<\/div>\r\n\t\t<img src=\"http:\/\/paneco.eu\/wp-content\/uploads\/2021\/03\/Sg__lvl-1.png\" alt=\"Paneuropejska sie\u0107 transportowa\">\r\n\t<\/div>\r\n\t<div class=\"col-md-6 lv--1__items\">\r\n\t\t<div class=\"lv--1__item\" data-aos=\"fade-up\">\r\n\t\t\t<div class=\"lv--1__icon\"><img src=\"http:\/\/paneco.eu\/wp-content\/uploads\/2021\/03\/Sg__lvl-1____ikona____partnerstwo.png\" alt=\"Partnerstwo\u2026\"><\/div>\r\n\t\t\t<h3 class=\"lv--1__h\">Partenariat&#8230;<\/h3>\r\n\t\t\t<div class=\"p\">&#8230; qui rapporte \u00e0 tous. Avec nous, vous pouvez aller plus loin &#8211; tant en tant que professionnel de notre secteur (transport, logistique et exp\u00e9dition) qu&rsquo;en tant que client \u00e0 la recherche de solutions logistiques en Europe.<\/div>\r\n\t\t<\/div>\r\n\t\t<div class=\"lv--1__item\" data-aos=\"fade-up\">\r\n\t\t\t<div class=\"lv--1__icon\"><img src=\"http:\/\/paneco.eu\/wp-content\/uploads\/2021\/03\/Sg__lvl-1____ikona____jakosc.png\" alt=\"Jako\u015b\u0107\"><\/div>\r\n\t\t\t<h3 class=\"lv--1__h\">Qualit\u00e9<\/h3>\r\n\t\t\t<div class=\"p\">La coop\u00e9ration au sein du r\u00e9seau est une garantie de normes professionnelles uniformes et \u00e9lev\u00e9es, au b\u00e9n\u00e9fice de tous. Nous sommes proches de nos clients et experts dans notre secteur.<\/div>\r\n\t\t<\/div>\r\n\t\t<div class=\"lv--1__item\" data-aos=\"fade-up\">\r\n\t\t\t<div class=\"lv--1__icon\"><img src=\"http:\/\/paneco.eu\/wp-content\/uploads\/2021\/03\/Sg__lvl-1____ikona____konkurencyjnosc.png\" alt=\"Konkurencyjno\u015b\u0107\"><\/div>\r\n\t\t\t<h3 class=\"lv--1__h\">Comp\u00e9titivit\u00e9<\/h3>\r\n\t\t\t<div class=\"p\">Les petites entreprises peuvent faire plus en \u00e9quipe. Paneco \u00e9tend sa port\u00e9e et cr\u00e9e une offre comp\u00e9titive au profit de tous les groupes d&rsquo;int\u00e9r\u00eat.<\/div>\r\n\t\t<\/div>\r\n\t<\/div>\r\n<\/div>\r\n<div class=\"row text-center\">\r\n\t<div class=\"col-md-12\">\r\n\t\t<iframe width=\"100%\" height=\"500\" src=\"https:\/\/www.youtube.com\/embed\/e3fkVH41bOU?controls=0\" title=\"Paneco Video\" frameborder=\"0\" allow=\"accelerometer; autoplay; clipboard-write; encrypted-media; gyroscope; picture-in-picture\" allowfullscreen><\/iframe>\r\n\t<\/div>\r\n<\/div>\r\n<\/div><\/div>\r\n\r\n<div class=\"lv--2\"><div class=\"container\">\r\n\t<h2 class=\"site__h text-center\" data-aos=\"fade-up\">Les nombreux avantages d&rsquo;un partenariat<\/h2>\r\n\t<div class=\"site__desc text-center\" data-aos=\"fade-up\">Une coop\u00e9ration qui porte ses fruits. Une nouvelle qualit\u00e9 sur le march\u00e9 europ\u00e9en de l&rsquo;exp\u00e9dition de transport et de la logistique.<\/div>\r\n\r\n\t<div class=\"lv--2__tabs\" data-aos=\"fade-up\">\r\n\t\t<ul class=\"nav nav-tabs\" role=\"tablist\">\r\n\t\t\t<li class=\"nav-item\" role=\"presentation\">\r\n\t\t\t\t<a class=\"nav-link active\" data-bs-toggle=\"tab\" href=\"#tab-paneuropejsko\" role=\"tab\" aria-selected=\"true\"><span><img src=\"http:\/\/paneco.eu\/wp-content\/uploads\/2021\/03\/Sg__lvl-2____ikona____01__panaeuropejsko.png\" alt=\"Paneuropejsko\"><\/span>Paneurop\u00e9en<\/a>\r\n\t\t\t<\/li>\r\n\t\t\t<li class=\"nav-item\" role=\"presentation\">\r\n\t\t\t\t<a class=\"nav-link\" data-bs-toggle=\"tab\" href=\"#tab-kompleksowo\" role=\"tab\" aria-selected=\"false\"><span><img src=\"http:\/\/paneco.eu\/wp-content\/uploads\/2021\/03\/Sg__lvl-2____ikona____02__kompleksowo.png\" alt=\"Kompleksowo\"><\/span>Complexe<\/a>\r\n\t\t\t<\/li>\r\n\t\t\t<li class=\"nav-item\" role=\"presentation\">\r\n\t\t\t\t<a class=\"nav-link\" data-bs-toggle=\"tab\" href=\"#tab-wyj\u0105tkowe-korzystnie\" role=\"tab\" aria-selected=\"false\"><span><img src=\"http:\/\/paneco.eu\/wp-content\/uploads\/2021\/03\/Sg__lvl-2____ikona____03__wyjatkowe.png\" alt=\"Wyj\u0105tkowe korzystnie\"><\/span>Rentabilit\u00e9<\/a>\r\n\t\t\t<\/li>\r\n\t\t\t<li class=\"nav-item\" role=\"presentation\">\r\n\t\t\t\t<a class=\"nav-link\" data-bs-toggle=\"tab\" href=\"#tab-na-najwyzszym-poziomie\" role=\"tab\" aria-selected=\"false\"><span><img src=\"http:\/\/paneco.eu\/wp-content\/uploads\/2021\/03\/Sg__lvl-2____ikona____04__na-najwyzszym-poziomie.png\" alt=\"Na najwy\u017cszym poziomie\"><\/span>Au plus haut niveau<\/a>\r\n\t\t\t<\/li>\r\n\t\t<\/ul>\r\n\t\t<div class=\"tab-content\">\r\n\t\t\t<div class=\"tab-pane fade show active\" id=\"tab-paneuropejsko\" role=\"tabpanel\">Paneco op\u00e8re dans toute l&rsquo;Europe, sans tenir compte des fronti\u00e8res g\u00e9ographiques, culturelles ou linguistiques. Nous r\u00e9unissons des experts de toute l&rsquo;Union europ\u00e9enne et de la plupart des pays tiers. Gr\u00e2ce \u00e0 notre plateforme, les envois de nos clients passent directement de porte \u00e0 porte<\/div>\r\n\t\t\t<div class=\"tab-pane fade\" id=\"tab-kompleksowo\" role=\"tabpanel\">Un contact avec une entreprise vous ouvre la porte de toute l&rsquo;Europe. Paneco propose des services logistiques transfrontaliers complets par l&rsquo;interm\u00e9diaire de ses partenaires. Nos partenaires s&rsquo;occupent du transport de marchandises diverses &#8211; groupage, chargements partiels et complets. <\/div>\r\n\t\t\t<div class=\"tab-pane fade\" id=\"tab-wyj\u0105tkowe-korzystnie\" role=\"tabpanel\">Tous nos partenaires, c&rsquo;est-\u00e0-dire les membres de Paneco, et leurs clients b\u00e9n\u00e9ficient de ce partenariat. C&rsquo;est une collaboration qui porte ses fruits pour toutes les parties. Nous cr\u00e9ons une offre qui est comp\u00e9titive par rapport aux entreprises de transport mondiales. Nous agissons selon les meilleures pratiques et appliquons des solutions optimales en termes de processus et de co\u00fbts.<\/div>\r\n\t\t\t<div class=\"tab-pane fade\" id=\"tab-na-najwyzszym-poziomie\" role=\"tabpanel\">L&rsquo;appartenance \u00e0 un syst\u00e8me commun garantit des r\u00e8gles uniformes. Cela influe \u00e0 son tour sur les prix de la facturation mutuelle, sur la qualit\u00e9 des services fournis et sur leur port\u00e9e. Une plateforme commune pour la commande et le suivi des envois est la cerise sur le g\u00e2teau de notre r\u00e9seau. Nous consid\u00e9rons l&rsquo;Europe comme un march\u00e9 coh\u00e9rent. Pour nous, il importe peu de savoir dans quel pays le transport commence et dans quelle partie de l&rsquo;Europe il se termine. <\/div>\r\n\t\t<\/div>\r\n\t<\/div>\r\n<\/div><\/div>\r\n\r\n<div class=\"lv--3\"><div class=\"container\">\r\n\t<div class=\"site__h text-center\" data-aos=\"fade-up\">Convainquez-vous qu&rsquo;il vaut la peine d&rsquo;\u00eatre ou de travailler avec nous !<\/div>\r\n\t<div class=\"site__desc text-center\" data-aos=\"fade-up\">Rejoignez-nous en tant qu&rsquo;entreprise de transport ou trouvez avec nous un partenaire appropri\u00e9 !<\/div>\r\n\r\n\t<div class=\"row nc-2\">\r\n\t\t<div class=\"col-md-6\" data-aos=\"fade-up\">\r\n\t\t\t<div class=\"lv--3__bg\">\r\n\t\t\t\t<div class=\"lv--3__h\">Si vous dirigez une entreprise dans le secteur TSL (Transport-Spedition-Logistik)<\/div>\r\n\t\t\t\t<div class=\"p\">Rejoignez le r\u00e9seau Paneco et d\u00e9veloppez votre entreprise et vos affaires avec nous. \u00c9largissez vos horizons et vos possibilit\u00e9s. Vos clients vous en seront reconnaissants !<\/div>\r\n\t\t\t\t<a class=\"button\" href=\"http:\/\/paneco.eu\/fr\/pourquoi-cela-en-vaut-il-la-peine\/\">Essayez-le !<\/a>\r\n\t\t\t<\/div>\r\n\t\t<\/div>\r\n\t\t<div class=\"col-md-6\" data-aos=\"fade-up\">\r\n\t\t\t<div class=\"lv--3__bg\">\r\n\t\t\t\t<div class=\"lv--3__h\">Si vous recherchez un partenaire de transport<\/div>\r\n\t\t\t\t<div class=\"p\">Nous mettons en relation des compagnies maritimes de toute l&rsquo;Europe pour la distribution efficace de vos marchandises.<\/div>\r\n\t\t\t\t<a class=\"button\" href=\"http:\/\/paneco.eu\/fr\/pourquoi-cela-en-vaut-il-la-peine\/\">Essayez-le !<\/a>\r\n\t\t\t<\/div>\r\n\t\t<\/div>\r\n\t<\/div>\r\n<\/div><\/div>\r\n\r\n<div class=\"lv--4\"><div class=\"container\">\r\n\t<div class=\"lv--4__content\" data-aos=\"fade-up\">\r\n\t\t<div class=\"lv--4__h h\">Votre soci\u00e9t\u00e9 de transport europ\u00e9enne entre de bonnes mains<\/div>\r\n\t\t<div class=\"lv--4__p\">Paneco &#8211; fiabilit\u00e9 et s\u00e9curit\u00e9<\/div>\r\n\t<\/div>\r\n\t<div class=\"lv--4__button\" data-aos=\"fade-right\">\r\n\t\t<a href=\"http:\/\/paneco.eu\/fr\/contact\" class=\"button\">Contact<\/a>\r\n\t<\/div>\r\n<\/div><\/div>\r\n\r\n<div class=\"lv--5\"><div class=\"container\" id=\"partners\">\r\n\t<h2 class=\"site__h text-center\" data-aos=\"fade-up\">Nos partenaires &#8211; entreprises membres<\/h2>\r\n\t<div class=\"site__desc text-center\" data-aos=\"fade-up\">Paneco est une nouvelle organisation sur le march\u00e9 europ\u00e9en et nous nous renfor\u00e7ons.<\/div>\r\n\r\n\t<div data-aos=\"fade-up\"><!--[slider-swiper id=\"436\"]-->\r\n\t<!--Logotypy-->\r\n<div class=\"row text-center\">\r\n\t<div class=\"col-md-4\">\r\n\t\t<div class=\"partner\">\r\n\t\t\t<a href=\"https:\/\/www.ncs.fi\" target=\"_blank\" rel=\"noopener\">\r\n\t\t\t\t<img src=\"\/wp-content\/uploads\/2021\/03\/logo-ncs.jpg\">\r\n\t\t\t<\/a>\r\n\t\t<\/div>\r\n\t<\/div>\r\n\t<div class=\"col-md-4\">\r\n\t\t<div class=\"partner\">\r\n\t\t\t<a href=\"https:\/\/transaher.es\" target=\"_blank\" rel=\"noopener\">\r\n\t\t\t\t<img src=\"\/wp-content\/uploads\/2022\/11\/logo-transaher-small-1.png\">\r\n\t\t\t<\/a>\r\n\t\t<\/div>\r\n\t<\/div>\r\n\t<div class=\"col-md-4\">\r\n\t\t<div class=\"partner\">\r\n\t\t\t<a href=\"http:\/\/www.simarco.com\" target=\"_blank\" rel=\"noopener\">\r\n\t\t\t\t<img src=\"\/wp-content\/uploads\/2021\/02\/logo-5.png\">\r\n\t\t\t<\/a>\r\n\t\t<\/div>\r\n\t<\/div>\r\n\t<div class=\"col-md-4\">\r\n\t\t<div class=\"partner\">\r\n\t\t\t<a href=\"https:\/\/kommodus.pl\" target=\"_blank\" rel=\"noopener\">\r\n\t\t\t\t<img src=\"\/wp-content\/uploads\/2021\/04\/logo-poziome-bez-tla.png\">\r\n\t\t\t<\/a>\r\n\t\t<\/div>\r\n\t<\/div>\r\n\t<div class=\"col-md-4\">\r\n\t\t<div class=\"partner\">\r\n\t\t\t<a href=\"https:\/\/www.abc-network.eu\" target=\"_blank\" rel=\"noopener\">\r\n\t\t\t\t<img src=\"\/wp-content\/uploads\/2021\/02\/logo-3.png\">\r\n\t\t\t<\/a>\r\n\t\t<\/div>\r\n\t<\/div>\r\n\t<div class=\"col-md-4\">\r\n\t\t<div class=\"partner\">\r\n\t\t\t<a href=\"https:\/\/cargo24.ch\" target=\"_blank\" rel=\"noopener\">\r\n\t\t\t\t<img src=\"\/wp-content\/uploads\/2021\/02\/logo-2.png\">\r\n\t\t\t<\/a>\r\n\t\t<\/div>\r\n\t<\/div>\r\n\t<div class=\"col-md-4\">\r\n\t\t<div class=\"partner\">\r\n\t\t\t<a href=\"https:\/\/www.elvis-ag.com\" target=\"_blank\" rel=\"noopener\">\r\n\t\t\t\t<img src=\"\/wp-content\/uploads\/2021\/02\/logo-1.png\">\r\n\t\t\t<\/a>\r\n\t\t<\/div>\r\n\t<\/div>\r\n\t<div class=\"col-md-4\">\r\n\t\t<div class=\"partner\">\r\n\t\t\t<a href=\"https:\/\/www.transnautica.pt\/pt\" target=\"_blank\" rel=\"noopener\">\r\n\t\t\t\t<img src=\"\/wp-content\/uploads\/2021\/03\/logo-1-1.png\">\r\n\t\t\t<\/a>\r\n\t\t<\/div>\r\n\t<\/div>\r\n\t<!-- <div class=\"col-md-4\">\r\n\t\t<div class=\"partner\">\r\n\t\t\t<a href=\"https:\/\/goellner-spedition.eu\/\" target=\"_blank\" rel=\"noopener\">\r\n\t\t\t\t<img src=\"\/wp-content\/uploads\/2021\/03\/goellner_logo2_kl-16.png\">\r\n\t\t\t<\/a>\r\n\t\t<\/div>\r\n\t<\/div> -->\r\n\t<div class=\"col-md-4\">\r\n\t\t<div class=\"partner\">\r\n\t\t\t<a href=\"http:\/\/www.tka.rs\" target=\"_blank\" rel=\"noopener\">\r\n\t\t\t\t<img src=\"\/wp-content\/uploads\/2024\/06\/tkalogo.png\">\r\n\t\t\t<\/a>\r\n\t\t<\/div>\r\n\t<\/div>\r\n\t<div class=\"col-md-4\">\r\n\t\t<div class=\"partner\">\r\n\t\t\t<a href=\"https:\/\/www.hst.nl\/en\/\" target=\"_blank\" rel=\"noopener\">\r\n\t\t\t\t<img src=\"\/wp-content\/uploads\/2021\/03\/HST-Groep.jpg\">\r\n\t\t\t<\/a>\r\n\t\t<\/div>\r\n\t<\/div>\r\n\t<div class=\"col-md-4\">\r\n\t\t<div class=\"partner\">\r\n\t\t\t<a href=\"https:\/\/www.allmed.ie\/\" target=\"_blank\" rel=\"noopener\">\r\n\t\t\t\t<img src=\"\/wp-content\/uploads\/2021\/03\/allmed-logo.png\">\r\n\t\t\t<\/a>\r\n\t\t<\/div>\r\n\t<\/div>\r\n\t<div class=\"col-md-4\">\r\n\t\t<div class=\"partner\">\r\n\t\t\t<a href=\"https:\/\/www.vit-log.cz\" target=\"_blank\" rel=\"noopener\">\r\n\t\t\t\t<img src=\"\/wp-content\/uploads\/2021\/03\/logo-1.png\">\r\n\t\t\t<\/a>\r\n\t\t<\/div>\r\n\t<\/div>\r\n\t<div class=\"col-md-4\">\r\n\t\t<div class=\"partner\">\r\n\t\t\t<a href=\"https:\/\/www.ntex.se\" target=\"_blank\" rel=\"noopener\">\r\n\t\t\t\t<img src=\"\/wp-content\/uploads\/2021\/05\/ntex.png\">\r\n\t\t\t<\/a>\r\n\t\t<\/div>\r\n\t<\/div>\r\n\t<!-- <div class=\"col-md-4\">\r\n\t\t<div class=\"partner\">\r\n\t\t\t<a href=\"https:\/\/www.vieslogistics.com\/\" target=\"_blank\" rel=\"noopener\">\r\n\t\t\t\t<img src=\"\/wp-content\/uploads\/2021\/11\/vies-logistics.jpg\">\r\n\t\t\t<\/a>\r\n\t\t<\/div>\r\n\t<\/div> -->\r\n\t<!-- <div class=\"col-md-4\">\r\n\t\t<div class=\"partner\">\r\n\t\t\t<a href=\"https:\/\/www.jetlogistics.eu\/\" target=\"_blank\" rel=\"noopener\">\r\n\t\t\t\t<img src=\"\/wp-content\/uploads\/2021\/11\/jet-logistics.jpg\">\r\n\t\t\t<\/a>\r\n\t\t<\/div>\r\n\t<\/div> -->\r\n\t<div class=\"col-md-4\">\r\n\t\t<div class=\"partner\">\r\n\t\t\t<a href=\"https:\/\/www.ctsgroup.nl\/\" target=\"_blank\" rel=\"noopener\">\r\n\t\t\t\t<img src=\"\/wp-content\/uploads\/2025\/07\/logo-cts.png\">\r\n\t\t\t<\/a>\r\n\t\t<\/div>\r\n\t<\/div>\r\n\t<!-- <div class=\"col-md-4\">\r\n\t\t<div class=\"partner\">\r\n\t\t\t<a href=\"https:\/\/fevzigandur.com\/\" target=\"_blank\" rel=\"noopener\">\r\n\t\t\t\t<img src=\"\/wp-content\/uploads\/2021\/11\/fevzi-gandur-logistics.jpg\">\r\n\t\t\t<\/a>\r\n\t\t<\/div>\r\n\t<\/div> -->\r\n\t<div class=\"col-md-4\">\r\n\t\t<div class=\"partner\">\r\n\t\t\t<a href=\"https:\/\/www.toten-transport.no\/\" target=\"_blank\" rel=\"noopener\">\r\n\t\t\t\t<img src=\"\/wp-content\/uploads\/2025\/07\/logo-toten.png\">\r\n\t\t\t<\/a>\r\n\t\t<\/div>\r\n\t<\/div>\r\n\t<div class=\"col-md-4\">\r\n\t\t<div class=\"partner\">\r\n\t\t\t<a href=\"https:\/\/www.delamode-group.com\/\" target=\"_blank\" rel=\"noopener\">\r\n\t\t\t\t<img src=\"\/wp-content\/uploads\/2021\/12\/delamode.jpg\">\r\n\t\t\t<\/a>\r\n\t\t<\/div>\r\n\t<\/div>\r\n\t<!-- <div class=\"col-md-4\">\r\n\t\t<div class=\"partner\">\r\n\t\t\t<a href=\"http:\/\/www.iltlogistics.gr\/\" target=\"_blank\" rel=\"noopener\">\r\n\t\t\t\t<img src=\"\/wp-content\/uploads\/2022\/11\/ILT_Logistics-1.png\">\r\n\t\t\t<\/a>\r\n\t\t<\/div>\r\n\t<\/div> -->\r\n\t<div class=\"col-md-4\">\r\n\t\t<div class=\"partner\">\r\n\t\t\t<a href=\"https:\/\/santosevale.pt\/\" target=\"_blank\" rel=\"noopener\">\r\n\t\t\t\t<img src=\"\/wp-content\/uploads\/2025\/07\/logo-santosevale.png\">\r\n\t\t\t<\/a>\r\n\t\t<\/div>\r\n\t<\/div>\r\n\t<div class=\"col-md-4\">\r\n\t\t<div class=\"partner\">\r\n\t\t\t<a href=\"https:\/\/www.pedretti.fr\" target=\"_blank\" rel=\"noopener\">\r\n\t\t\t\t<img src=\"\/wp-content\/uploads\/2024\/10\/pedretti.png\" \/>\r\n\t\t\t<\/a>\r\n\t\t<\/div>\r\n\t<\/div>\r\n\t<div class=\"col-md-4\">\r\n\t\t<div class=\"partner\">\r\n\t\t\t<a href=\"https:\/\/www.locargo.hu\" target=\"_blank\" rel=\"noopener\">\r\n\t\t\t\t<img src=\"\/wp-content\/uploads\/2024\/06\/locargo-1.png\" \/>\r\n\t\t\t<\/a>\r\n\t\t<\/div>\r\n\t<\/div>\r\n\t<div class=\"col-md-4\">\r\n\t\t<div class=\"partner\">\r\n\t\t\t<a href=\"https:\/\/icon-x.am\" target=\"_blank\" rel=\"noopener\">\r\n\t\t\t\t<img src=\"\/wp-content\/uploads\/2026\/01\/iconx.png\" \/>\r\n\t\t\t<\/a>\r\n\t\t<\/div>\r\n\t<\/div>\r\n<\/div>\r\n\r\n\t<div class=\"lv--4__button text-center\">\r\n\t\t<a href=\"fr\/map\/\" class=\"button\">Carte de nos partenaires<\/a>\r\n\t<\/div>\r\n\r\n\t<\/div>\r\n<\/div>","protected":false},"excerpt":{"rendered":"R\u00e9seau de transport paneurop\u00e9en Paneco est la premi\u00e8re entreprise \u00e0 r\u00e9unir \u00e0 ce point des transitaires de presque tous les pays europ\u00e9ens afin de cr\u00e9er un r\u00e9seau de transport et d&rsquo;exp\u00e9dition efficace pour ses clients. Nous offrons une solution unique au niveau europ\u00e9en. Partenariat&#8230; &#8230; qui rapporte \u00e0 tous. Avec nous, vous pouvez aller plus [&hellip;]","protected":false},"author":1,"featured_media":0,"parent":0,"menu_order":0,"comment_status":"closed","ping_status":"closed","template":"templates\/page-full-width.php","meta":{"inline_featured_image":false},"yoast_head":"<!-- This site is optimized with the Yoast SEO plugin v19.4 - https:\/\/yoast.com\/wordpress\/plugins\/seo\/ -->\n<title>R\u00e9seau paneurop\u00e9en de transport Paneco<\/title>\n<meta name=\"description\" content=\"Paneco : R\u00e9seau paneurop\u00e9en de transport. Rejoignez-nous et \u00e9tendez votre port\u00e9e et vos services gr\u00e2ce \u00e0 un partenariat avec le seul r\u00e9seau de ce type en Europe! Nous sommes proches de nos clients!\" \/>\n<meta name=\"robots\" content=\"index, follow, max-snippet:-1, max-image-preview:large, max-video-preview:-1\" \/>\n<link rel=\"canonical\" href=\"https:\/\/paneco.eu\/fr\/\" \/>\n<meta property=\"og:locale\" content=\"fr_FR\" \/>\n<meta property=\"og:type\" content=\"article\" \/>\n<meta property=\"og:title\" content=\"R\u00e9seau paneurop\u00e9en de transport Paneco\" \/>\n<meta property=\"og:description\" content=\"Paneco : R\u00e9seau paneurop\u00e9en de transport. Rejoignez-nous et \u00e9tendez votre port\u00e9e et vos services gr\u00e2ce \u00e0 un partenariat avec le seul r\u00e9seau de ce type en Europe! Nous sommes proches de nos clients!\" \/>\n<meta property=\"og:url\" content=\"https:\/\/paneco.eu\/fr\/\" \/>\n<meta property=\"og:site_name\" content=\"Paneco\" \/>\n<meta property=\"article:modified_time\" content=\"2026-01-20T09:50:27+00:00\" \/>\n<meta property=\"og:image\" content=\"http:\/\/paneco.eu\/wp-content\/uploads\/2021\/03\/Sg__lvl-1.png\" \/>\n<meta name=\"twitter:card\" content=\"summary_large_image\" \/>\n<meta name=\"twitter:label1\" content=\"Dur\u00e9e de lecture estim\u00e9e\" \/>\n\t<meta name=\"twitter:data1\" content=\"10 minutes\" \/>\n<script type=\"application\/ld+json\" class=\"yoast-schema-graph\">{\"@context\":\"https:\/\/schema.org\",\"@graph\":[{\"@type\":\"Organization\",\"@id\":\"https:\/\/paneco.eu\/#organization\",\"name\":\"PANECO\",\"url\":\"https:\/\/paneco.eu\/\",\"sameAs\":[],\"logo\":{\"@type\":\"ImageObject\",\"inLanguage\":\"fr-FR\",\"@id\":\"https:\/\/paneco.eu\/#\/schema\/logo\/image\/\",\"url\":\"https:\/\/paneco.eu\/wp-content\/uploads\/2024\/07\/paneco-news.jpg\",\"contentUrl\":\"https:\/\/paneco.eu\/wp-content\/uploads\/2024\/07\/paneco-news.jpg\",\"width\":1360,\"height\":545,\"caption\":\"PANECO\"},\"image\":{\"@id\":\"https:\/\/paneco.eu\/#\/schema\/logo\/image\/\"}},{\"@type\":\"WebSite\",\"@id\":\"https:\/\/paneco.eu\/#website\",\"url\":\"https:\/\/paneco.eu\/\",\"name\":\"Paneco\",\"description\":\"Pan-European Transport Network\",\"publisher\":{\"@id\":\"https:\/\/paneco.eu\/#organization\"},\"potentialAction\":[{\"@type\":\"SearchAction\",\"target\":{\"@type\":\"EntryPoint\",\"urlTemplate\":\"https:\/\/paneco.eu\/?s={search_term_string}\"},\"query-input\":\"required name=search_term_string\"}],\"inLanguage\":\"fr-FR\"},{\"@type\":\"WebPage\",\"@id\":\"https:\/\/paneco.eu\/fr\/\",\"url\":\"https:\/\/paneco.eu\/fr\/\",\"name\":\"R\u00e9seau paneurop\u00e9en de transport Paneco\",\"isPartOf\":{\"@id\":\"https:\/\/paneco.eu\/#website\"},\"datePublished\":\"2020-07-20T12:41:20+00:00\",\"dateModified\":\"2026-01-20T09:50:27+00:00\",\"description\":\"Paneco : R\u00e9seau paneurop\u00e9en de transport. Rejoignez-nous et \u00e9tendez votre port\u00e9e et vos services gr\u00e2ce \u00e0 un partenariat avec le seul r\u00e9seau de ce type en Europe! Nous sommes proches de nos clients!\",\"breadcrumb\":{\"@id\":\"https:\/\/paneco.eu\/fr\/#breadcrumb\"},\"inLanguage\":\"fr-FR\",\"potentialAction\":[{\"@type\":\"ReadAction\",\"target\":[\"https:\/\/paneco.eu\/fr\/\"]}]},{\"@type\":\"BreadcrumbList\",\"@id\":\"https:\/\/paneco.eu\/fr\/#breadcrumb\",\"itemListElement\":[{\"@type\":\"ListItem\",\"position\":1,\"name\":\"Start\",\"item\":\"https:\/\/paneco.eu\/fr\/\"},{\"@type\":\"ListItem\",\"position\":2,\"name\":\"Start\"}]}]}<\/script>\n<!-- \/ Yoast SEO plugin. -->","yoast_head_json":{"title":"R\u00e9seau paneurop\u00e9en de transport Paneco","description":"Paneco : R\u00e9seau paneurop\u00e9en de transport. Rejoignez-nous et \u00e9tendez votre port\u00e9e et vos services gr\u00e2ce \u00e0 un partenariat avec le seul r\u00e9seau de ce type en Europe! Nous sommes proches de nos clients!","robots":{"index":"index","follow":"follow","max-snippet":"max-snippet:-1","max-image-preview":"max-image-preview:large","max-video-preview":"max-video-preview:-1"},"canonical":"https:\/\/paneco.eu\/fr\/","og_locale":"fr_FR","og_type":"article","og_title":"R\u00e9seau paneurop\u00e9en de transport Paneco","og_description":"Paneco : R\u00e9seau paneurop\u00e9en de transport. Rejoignez-nous et \u00e9tendez votre port\u00e9e et vos services gr\u00e2ce \u00e0 un partenariat avec le seul r\u00e9seau de ce type en Europe! Nous sommes proches de nos clients!","og_url":"https:\/\/paneco.eu\/fr\/","og_site_name":"Paneco","article_modified_time":"2026-01-20T09:50:27+00:00","og_image":[{"url":"http:\/\/paneco.eu\/wp-content\/uploads\/2021\/03\/Sg__lvl-1.png"}],"twitter_card":"summary_large_image","twitter_misc":{"Dur\u00e9e de lecture estim\u00e9e":"10 minutes"},"schema":{"@context":"https:\/\/schema.org","@graph":[{"@type":"Organization","@id":"https:\/\/paneco.eu\/#organization","name":"PANECO","url":"https:\/\/paneco.eu\/","sameAs":[],"logo":{"@type":"ImageObject","inLanguage":"fr-FR","@id":"https:\/\/paneco.eu\/#\/schema\/logo\/image\/","url":"https:\/\/paneco.eu\/wp-content\/uploads\/2024\/07\/paneco-news.jpg","contentUrl":"https:\/\/paneco.eu\/wp-content\/uploads\/2024\/07\/paneco-news.jpg","width":1360,"height":545,"caption":"PANECO"},"image":{"@id":"https:\/\/paneco.eu\/#\/schema\/logo\/image\/"}},{"@type":"WebSite","@id":"https:\/\/paneco.eu\/#website","url":"https:\/\/paneco.eu\/","name":"Paneco","description":"Pan-European Transport Network","publisher":{"@id":"https:\/\/paneco.eu\/#organization"},"potentialAction":[{"@type":"SearchAction","target":{"@type":"EntryPoint","urlTemplate":"https:\/\/paneco.eu\/?s={search_term_string}"},"query-input":"required name=search_term_string"}],"inLanguage":"fr-FR"},{"@type":"WebPage","@id":"https:\/\/paneco.eu\/fr\/","url":"https:\/\/paneco.eu\/fr\/","name":"R\u00e9seau paneurop\u00e9en de transport Paneco","isPartOf":{"@id":"https:\/\/paneco.eu\/#website"},"datePublished":"2020-07-20T12:41:20+00:00","dateModified":"2026-01-20T09:50:27+00:00","description":"Paneco : R\u00e9seau paneurop\u00e9en de transport. Rejoignez-nous et \u00e9tendez votre port\u00e9e et vos services gr\u00e2ce \u00e0 un partenariat avec le seul r\u00e9seau de ce type en Europe! Nous sommes proches de nos clients!","breadcrumb":{"@id":"https:\/\/paneco.eu\/fr\/#breadcrumb"},"inLanguage":"fr-FR","potentialAction":[{"@type":"ReadAction","target":["https:\/\/paneco.eu\/fr\/"]}]},{"@type":"BreadcrumbList","@id":"https:\/\/paneco.eu\/fr\/#breadcrumb","itemListElement":[{"@type":"ListItem","position":1,"name":"Start","item":"https:\/\/paneco.eu\/fr\/"},{"@type":"ListItem","position":2,"name":"Start"}]}]}},"_links":{"self":[{"href":"https:\/\/paneco.eu\/fr\/wp-json\/wp\/v2\/pages\/670"}],"collection":[{"href":"https:\/\/paneco.eu\/fr\/wp-json\/wp\/v2\/pages"}],"about":[{"href":"https:\/\/paneco.eu\/fr\/wp-json\/wp\/v2\/types\/page"}],"author":[{"embeddable":true,"href":"https:\/\/paneco.eu\/fr\/wp-json\/wp\/v2\/users\/1"}],"replies":[{"embeddable":true,"href":"https:\/\/paneco.eu\/fr\/wp-json\/wp\/v2\/comments?post=670"}],"version-history":[{"count":37,"href":"https:\/\/paneco.eu\/fr\/wp-json\/wp\/v2\/pages\/670\/revisions"}],"predecessor-version":[{"id":3127,"href":"https:\/\/paneco.eu\/fr\/wp-json\/wp\/v2\/pages\/670\/revisions\/3127"}],"wp:attachment":[{"href":"https:\/\/paneco.eu\/fr\/wp-json\/wp\/v2\/media?parent=670"}],"curies":[{"name":"wp","href":"https:\/\/api.w.org\/{rel}","templated":true}]}}