{"id":611,"date":"2021-02-25T14:41:07","date_gmt":"2021-02-25T13:41:07","guid":{"rendered":"http:\/\/paneco.eu\/dlaczego-warto\/"},"modified":"2021-10-04T13:37:22","modified_gmt":"2021-10-04T11:37:22","slug":"por-que-vale-la-pena","status":"publish","type":"page","link":"https:\/\/paneco.eu\/es\/por-que-vale-la-pena\/","title":{"rendered":"\u00bfPor qu\u00e9 merece la pena?"},"content":{"rendered":"<h2 class=\"site__h text-center\" data-aos=\"fade-up\">Ventajas en toda Europa<\/h2>\r\n<div class=\"site__desc text-center\" data-aos=\"fade-up\">Los negocios son mejores cuando se trabaja sobre una base \u00abwin-win\u00bb. Este principio subyace en la Red Paneuropea de Transporte que hemos creado para facilitar que las empresas de transporte m\u00e1s peque\u00f1as que operan a nivel local trabajen con empresas de otros pa\u00edses, y as\u00ed dar a sus clientes la oportunidad de utilizar un servicio de transporte a nivel europeo.<\/div>\r\n<div class=\"site__desc text-center\" data-aos=\"fade-up\">Trabajamos m\u00e1s all\u00e1 de las fronteras, eliminamos las diferencias y las barreras y garantizamos el mantenimiento de un alto nivel profesional.<\/div>\r\n\r\n<div class=\"site__img\">\r\n\t<div data-aos=\"fade-up\">\r\n\t\t<img src=\"http:\/\/paneco.eu\/wp-content\/uploads\/2021\/03\/dlaczego-warto.jpg\" alt=\"Paneuropejskie korzy\u015bci\">\r\n\t<\/div>\r\n<\/div>\r\n\r\n<div class=\"row\">\r\n\t<div id=\"dla-klientow\" class=\"col-md-6\">\r\n\t\t<div data-aos=\"fade-up\">\r\n\t\t\t<h3 class=\"h\">Si busca un proveedor de servicios<\/h3>\r\n\t\t\t<div class=\"p\">Encontrar el proveedor de servicios log\u00edsticos \u00f3ptimo puede ser dif\u00edcil y costoso. Por eso le ofrecemos una asociaci\u00f3n con Paneco. Nuestros socios son las empresas l\u00edderes en Europa. Cuando trabaja con una empresa miembro de Paneco, puede estar seguro de que obtendr\u00e1 una soluci\u00f3n \u00f3ptima.<\/div>\r\n\t\t\t<div class=\"p\"><b>nuestros puntos fuertes<\/b><\/div>\r\n\t\t\t<ul>\r\n\t\t\t\t<li>Transporte de mercanc\u00edas a escala europea en el marco de un sistema y unas normas uniformes<\/li>\r\n\t\t\t\t<li>Precios atractivos <\/li>\r\n\t\t\t\t<li>Funcionamiento fluido gracias a normas uniformes<\/li>\r\n\t\t\t\t<li>Nuestro socio est\u00e1 siempre cerca de sus clientes<\/li>\r\n\t\t\t<\/ul>\r\n\t\t\t<div class=\"p\"><b>P\u00f3ngase en contacto con nosotros si busca un socio nuestro!<\/b><\/div>\r\n\t\t\t<div class=\"p\"><a href=\"http:\/\/paneco.eu\/es\/contacte-con\">Contacte con<\/a><\/div>\r\n\t\t<\/div>\r\n\t<\/div>\r\n\t<div id=\"dla-firm-transportowych\" class=\"col-md-6\">\r\n\t\t<div data-aos=\"fade-up\" data-aos-delay=\"100\">\r\n\t\t\t<h3 class=\"h\">Si dirige una empresa de transporte de mercanc\u00edas<\/h3>\r\n\t\t\t<div class=\"p\">Paneco es la soluci\u00f3n para las empresas locales fuertes. Gracias a nuestro concepto, las empresas asociadas pueden desarrollarse con seguridad y servir a sus clientes de forma integral.<\/div>\r\n\t\t\t<div class=\"p\">Garantizamos una plataforma operativa com\u00fan y un sistema coherente que asegura el cumplimiento de las normas profesionales, las condiciones de precios y las soluciones operativas. Somos su socio.<\/div>\r\n\t\t\t<div class=\"p\"><b>\u00bfQu\u00e9 gana su empresa con ello?<\/b><\/div>\r\n\t\t\t<ul>\r\n\t\t\t\t<li>Ampl\u00ede el alcance geogr\u00e1fico de sus servicios<\/li>\r\n\t\t\t\t<li>Ampliaci\u00f3n de la cartera de servicios gracias al acceso a una amplia gama de servicios de otros socios<\/li>\r\n\t\t\t<\/ul>\r\n\t\t\t<div class=\"p\"><b>P\u00f3ngase en contacto con nosotros para obtener m\u00e1s detalles sobre la pertenencia a nuestra red.<\/b><\/div>\r\n\t\t\t<div class=\"p\"><a href=\"http:\/\/paneco.eu\/es\/contacte-con\">Contacte con<\/a><\/div>\r\n\t\t<\/div>\r\n\t<\/div>\r\n<\/div>\r\n\r\n<div class=\"lv--4 full__width\"><div class=\"container\">\r\n\t<div class=\"lv--4__content\" data-aos=\"fade-up\">\r\n\t\t<div class=\"lv--4__h h\">Su empresa de transportes europea en buenas manos<\/div>\r\n\t\t<div class=\"lv--4__p\">Paneco &#8211; Fiabilidad y seguridad.<\/div>\r\n\t<\/div>\r\n\t<div class=\"lv--4__button\">\r\n\t\t<a href=\"http:\/\/paneco.eu\/es\/contacte-con\" class=\"button\">Contacte con<\/a>\r\n\t<\/div>\r\n<\/div><\/div>\r\n\r\n<div class=\"lv--6\">\r\n\t<h2 class=\"site__h text-center\">Vale la pena trabajar con nosotros y nuestros socios<\/h2>\r\n\t<div class=\"site__desc text-center\" data-aos=\"fade-up\">Paneco ofrece a sus socios y a sus clientes una serie de ventajas<\/div>\r\n\r\n\t<div class=\"row nc-4\">\r\n\t\t<div class=\"col-md-6 col-xl-3\" data-aos=\"fade-up\">\r\n\t\t\t<img src=\"http:\/\/paneco.eu\/wp-content\/uploads\/2021\/03\/dlaczego-warto___cala-europa.jpg\" alt=\"Ca\u0142a Europa\">\r\n\t\t\t<div class=\"lv--6__content\">\r\n\t\t\t\t<div class=\"h\">Toda Europa<\/div>\r\n\t\t\t\t<div class=\"p\">No s\u00f3lo los pa\u00edses de la UE.<\/div>\r\n\t\t\t<\/div>\r\n\t\t<\/div>\r\n\t\t<div class=\"col-md-6 col-xl-3\" data-aos=\"fade-up\">\r\n\t\t\t<img src=\"http:\/\/paneco.eu\/wp-content\/uploads\/2021\/02\/lv-6-2.png\" alt=\"Kompleksowo\u015b\u0107\">\r\n\t\t\t<div class=\"lv--6__content\">\r\n\t\t\t\t<div class=\"h\">Complejidad<\/div>\r\n\t\t\t\t<div class=\"p\">TSL (transporte, expedici\u00f3n, log\u00edstica) a trav\u00e9s de las fronteras.<\/div>\r\n\t\t\t<\/div>\r\n\t\t<\/div>\r\n\t\t<div class=\"col-md-6 col-xl-3\" data-aos=\"fade-up\">\r\n\t\t\t<img src=\"http:\/\/paneco.eu\/wp-content\/uploads\/2021\/03\/dlaczego-warto___atrakcyjne-ceny.jpg\" alt=\"Atrakcyjne ceny\">\r\n\t\t\t<div class=\"lv--6__content\">\r\n\t\t\t\t<div class=\"h\">Precios atractivos<\/div>\r\n\t\t\t\t<div class=\"p\">Oferta competitiva en comparaci\u00f3n con las empresas de transporte mundiales.<\/div>\r\n\t\t\t<\/div>\r\n\t\t<\/div>\r\n\t\t<div class=\"col-md-6 col-xl-3\" data-aos=\"fade-up\">\r\n\t\t\t<img src=\"http:\/\/paneco.eu\/wp-content\/uploads\/2021\/03\/dlaczego-warto___szybki-transport.jpg\" alt=\"Szybki transport\">\r\n\t\t\t<div class=\"lv--6__content\">\r\n\t\t\t\t<div class=\"h\">Env\u00edo m\u00e1s r\u00e1pido<\/div>\r\n\t\t\t\t<div class=\"p\">Transportes desde y hacia todos los rincones de nuestro continente.<\/div>\r\n\t\t\t<\/div>\r\n\t\t<\/div>\r\n\t<\/div>\r\n\r\n\t<div class=\"row nc-4\">\r\n\t\t<div class=\"col-md-6 col-xl-3\" data-aos=\"fade-up\">\r\n\t\t\t<img src=\"http:\/\/paneco.eu\/wp-content\/uploads\/2021\/03\/dlaczego-warto___spojny-system.jpg\" alt=\"Sp\u00f3jny system\">\r\n\t\t\t<div class=\"lv--6__content\">\r\n\t\t\t\t<div class=\"h\">Sistema uniforme<\/div>\r\n\t\t\t\t<div class=\"p\">Normas y listas de precios uniformes para la facturaci\u00f3n mutua entre socios<\/div>\r\n\t\t\t<\/div>\r\n\t\t<\/div>\r\n\t\t<div class=\"col-md-6 col-xl-3\" data-aos=\"fade-up\">\r\n\t\t\t<img src=\"http:\/\/paneco.eu\/wp-content\/uploads\/2021\/03\/dlaczego-warto___przyjazna-platforma.jpg\" alt=\"Przyjazna platforma\">\r\n\t\t\t<div class=\"lv--6__content\">\r\n\t\t\t\t<div class=\"h\">Plataforma f\u00e1cil de usar<\/div>\r\n\t\t\t\t<div class=\"p\">Tecnolog\u00eda para un transporte seguro a trav\u00e9s de las fronteras.<\/div>\r\n\t\t\t<\/div>\r\n\t\t<\/div>\r\n\t\t<div class=\"col-md-6 col-xl-3\" data-aos=\"fade-up\">\r\n\t\t\t<img src=\"http:\/\/paneco.eu\/wp-content\/uploads\/2021\/03\/dlaczego-warto___wysokie-standardy.jpg\" alt=\"Wysokie standardy\">\r\n\t\t\t<div class=\"lv--6__content\">\r\n\t\t\t\t<div class=\"h\">Alto nivel de exigencia<\/div>\r\n\t\t\t\t<div class=\"p\">Nuestros miembros se comprometen a respetarlas.<\/div>\r\n\t\t\t<\/div>\r\n\t\t<\/div>\r\n\t\t<div class=\"col-md-6 col-xl-3\" data-aos=\"fade-up\">\r\n\t\t\t<img src=\"http:\/\/paneco.eu\/wp-content\/uploads\/2021\/03\/dlaczego-warto___dowoln-przesylki.jpg\" alt=\"Dowolne przesy\u0142ki\">\r\n\t\t\t<div class=\"lv--6__content\">\r\n\t\t\t\t<div class=\"h\">Cada env\u00edo<\/div>\r\n\t\t\t\t<div class=\"p\">Agrupaci\u00f3n, cargas parciales y cargas completas.<\/div>\r\n\t\t\t<\/div>\r\n\t\t<\/div>\r\n\t<\/div>\r\n<\/div>","protected":false},"excerpt":{"rendered":"Ventajas en toda Europa Los negocios son mejores cuando se trabaja sobre una base \u00abwin-win\u00bb. Este principio subyace en la Red Paneuropea de Transporte que hemos creado para facilitar que las empresas de transporte m\u00e1s peque\u00f1as que operan a nivel local trabajen con empresas de otros pa\u00edses, y as\u00ed dar a sus clientes la oportunidad [&hellip;]","protected":false},"author":1,"featured_media":0,"parent":0,"menu_order":0,"comment_status":"closed","ping_status":"closed","template":"","meta":{"inline_featured_image":false},"yoast_head":"<!-- This site is optimized with the Yoast SEO plugin v19.4 - https:\/\/yoast.com\/wordpress\/plugins\/seo\/ -->\n<title>\u00bfPor qu\u00e9 merece la pena? - Paneco<\/title>\n<meta name=\"robots\" content=\"index, follow, max-snippet:-1, max-image-preview:large, max-video-preview:-1\" \/>\n<link rel=\"canonical\" href=\"https:\/\/paneco.eu\/es\/por-que-vale-la-pena\/\" \/>\n<meta property=\"og:locale\" content=\"es_ES\" \/>\n<meta property=\"og:type\" content=\"article\" \/>\n<meta property=\"og:title\" content=\"\u00bfPor qu\u00e9 merece la pena? - Paneco\" \/>\n<meta property=\"og:description\" content=\"Ventajas en toda Europa Los negocios son mejores cuando se trabaja sobre una base \u00abwin-win\u00bb. Este principio subyace en la Red Paneuropea de Transporte que hemos creado para facilitar que las empresas de transporte m\u00e1s peque\u00f1as que operan a nivel local trabajen con empresas de otros pa\u00edses, y as\u00ed dar a sus clientes la oportunidad [&hellip;]\" \/>\n<meta property=\"og:url\" content=\"https:\/\/paneco.eu\/es\/por-que-vale-la-pena\/\" \/>\n<meta property=\"og:site_name\" content=\"Paneco\" \/>\n<meta property=\"article:modified_time\" content=\"2021-10-04T11:37:22+00:00\" \/>\n<meta property=\"og:image\" content=\"http:\/\/paneco.eu\/wp-content\/uploads\/2021\/03\/dlaczego-warto.jpg\" \/>\n<meta name=\"twitter:card\" content=\"summary_large_image\" \/>\n<meta name=\"twitter:label1\" content=\"Tiempo de lectura\" \/>\n\t<meta name=\"twitter:data1\" content=\"2 minutos\" \/>\n<script type=\"application\/ld+json\" class=\"yoast-schema-graph\">{\"@context\":\"https:\/\/schema.org\",\"@graph\":[{\"@type\":\"Organization\",\"@id\":\"https:\/\/paneco.eu\/#organization\",\"name\":\"PANECO\",\"url\":\"https:\/\/paneco.eu\/\",\"sameAs\":[],\"logo\":{\"@type\":\"ImageObject\",\"inLanguage\":\"es\",\"@id\":\"https:\/\/paneco.eu\/#\/schema\/logo\/image\/\",\"url\":\"https:\/\/paneco.eu\/wp-content\/uploads\/2024\/07\/paneco-news.jpg\",\"contentUrl\":\"https:\/\/paneco.eu\/wp-content\/uploads\/2024\/07\/paneco-news.jpg\",\"width\":1360,\"height\":545,\"caption\":\"PANECO\"},\"image\":{\"@id\":\"https:\/\/paneco.eu\/#\/schema\/logo\/image\/\"}},{\"@type\":\"WebSite\",\"@id\":\"https:\/\/paneco.eu\/#website\",\"url\":\"https:\/\/paneco.eu\/\",\"name\":\"Paneco\",\"description\":\"Pan-European Transport Network\",\"publisher\":{\"@id\":\"https:\/\/paneco.eu\/#organization\"},\"potentialAction\":[{\"@type\":\"SearchAction\",\"target\":{\"@type\":\"EntryPoint\",\"urlTemplate\":\"https:\/\/paneco.eu\/?s={search_term_string}\"},\"query-input\":\"required name=search_term_string\"}],\"inLanguage\":\"es\"},{\"@type\":\"WebPage\",\"@id\":\"https:\/\/paneco.eu\/es\/por-que-vale-la-pena\/\",\"url\":\"https:\/\/paneco.eu\/es\/por-que-vale-la-pena\/\",\"name\":\"\u00bfPor qu\u00e9 merece la pena? - Paneco\",\"isPartOf\":{\"@id\":\"https:\/\/paneco.eu\/#website\"},\"datePublished\":\"2021-02-25T13:41:07+00:00\",\"dateModified\":\"2021-10-04T11:37:22+00:00\",\"breadcrumb\":{\"@id\":\"https:\/\/paneco.eu\/es\/por-que-vale-la-pena\/#breadcrumb\"},\"inLanguage\":\"es\",\"potentialAction\":[{\"@type\":\"ReadAction\",\"target\":[\"https:\/\/paneco.eu\/es\/por-que-vale-la-pena\/\"]}]},{\"@type\":\"BreadcrumbList\",\"@id\":\"https:\/\/paneco.eu\/es\/por-que-vale-la-pena\/#breadcrumb\",\"itemListElement\":[{\"@type\":\"ListItem\",\"position\":1,\"name\":\"Start\",\"item\":\"https:\/\/paneco.eu\/es\/\"},{\"@type\":\"ListItem\",\"position\":2,\"name\":\"\u00bfPor qu\u00e9 merece la pena?\"}]}]}<\/script>\n<!-- \/ Yoast SEO plugin. -->","yoast_head_json":{"title":"\u00bfPor qu\u00e9 merece la pena? - Paneco","robots":{"index":"index","follow":"follow","max-snippet":"max-snippet:-1","max-image-preview":"max-image-preview:large","max-video-preview":"max-video-preview:-1"},"canonical":"https:\/\/paneco.eu\/es\/por-que-vale-la-pena\/","og_locale":"es_ES","og_type":"article","og_title":"\u00bfPor qu\u00e9 merece la pena? - Paneco","og_description":"Ventajas en toda Europa Los negocios son mejores cuando se trabaja sobre una base \u00abwin-win\u00bb. Este principio subyace en la Red Paneuropea de Transporte que hemos creado para facilitar que las empresas de transporte m\u00e1s peque\u00f1as que operan a nivel local trabajen con empresas de otros pa\u00edses, y as\u00ed dar a sus clientes la oportunidad [&hellip;]","og_url":"https:\/\/paneco.eu\/es\/por-que-vale-la-pena\/","og_site_name":"Paneco","article_modified_time":"2021-10-04T11:37:22+00:00","og_image":[{"url":"http:\/\/paneco.eu\/wp-content\/uploads\/2021\/03\/dlaczego-warto.jpg"}],"twitter_card":"summary_large_image","twitter_misc":{"Tiempo de lectura":"2 minutos"},"schema":{"@context":"https:\/\/schema.org","@graph":[{"@type":"Organization","@id":"https:\/\/paneco.eu\/#organization","name":"PANECO","url":"https:\/\/paneco.eu\/","sameAs":[],"logo":{"@type":"ImageObject","inLanguage":"es","@id":"https:\/\/paneco.eu\/#\/schema\/logo\/image\/","url":"https:\/\/paneco.eu\/wp-content\/uploads\/2024\/07\/paneco-news.jpg","contentUrl":"https:\/\/paneco.eu\/wp-content\/uploads\/2024\/07\/paneco-news.jpg","width":1360,"height":545,"caption":"PANECO"},"image":{"@id":"https:\/\/paneco.eu\/#\/schema\/logo\/image\/"}},{"@type":"WebSite","@id":"https:\/\/paneco.eu\/#website","url":"https:\/\/paneco.eu\/","name":"Paneco","description":"Pan-European Transport Network","publisher":{"@id":"https:\/\/paneco.eu\/#organization"},"potentialAction":[{"@type":"SearchAction","target":{"@type":"EntryPoint","urlTemplate":"https:\/\/paneco.eu\/?s={search_term_string}"},"query-input":"required name=search_term_string"}],"inLanguage":"es"},{"@type":"WebPage","@id":"https:\/\/paneco.eu\/es\/por-que-vale-la-pena\/","url":"https:\/\/paneco.eu\/es\/por-que-vale-la-pena\/","name":"\u00bfPor qu\u00e9 merece la pena? - Paneco","isPartOf":{"@id":"https:\/\/paneco.eu\/#website"},"datePublished":"2021-02-25T13:41:07+00:00","dateModified":"2021-10-04T11:37:22+00:00","breadcrumb":{"@id":"https:\/\/paneco.eu\/es\/por-que-vale-la-pena\/#breadcrumb"},"inLanguage":"es","potentialAction":[{"@type":"ReadAction","target":["https:\/\/paneco.eu\/es\/por-que-vale-la-pena\/"]}]},{"@type":"BreadcrumbList","@id":"https:\/\/paneco.eu\/es\/por-que-vale-la-pena\/#breadcrumb","itemListElement":[{"@type":"ListItem","position":1,"name":"Start","item":"https:\/\/paneco.eu\/es\/"},{"@type":"ListItem","position":2,"name":"\u00bfPor qu\u00e9 merece la pena?"}]}]}},"_links":{"self":[{"href":"https:\/\/paneco.eu\/es\/wp-json\/wp\/v2\/pages\/611"}],"collection":[{"href":"https:\/\/paneco.eu\/es\/wp-json\/wp\/v2\/pages"}],"about":[{"href":"https:\/\/paneco.eu\/es\/wp-json\/wp\/v2\/types\/page"}],"author":[{"embeddable":true,"href":"https:\/\/paneco.eu\/es\/wp-json\/wp\/v2\/users\/1"}],"replies":[{"embeddable":true,"href":"https:\/\/paneco.eu\/es\/wp-json\/wp\/v2\/comments?post=611"}],"version-history":[{"count":4,"href":"https:\/\/paneco.eu\/es\/wp-json\/wp\/v2\/pages\/611\/revisions"}],"predecessor-version":[{"id":930,"href":"https:\/\/paneco.eu\/es\/wp-json\/wp\/v2\/pages\/611\/revisions\/930"}],"wp:attachment":[{"href":"https:\/\/paneco.eu\/es\/wp-json\/wp\/v2\/media?parent=611"}],"curies":[{"name":"wp","href":"https:\/\/api.w.org\/{rel}","templated":true}]}}