{"id":605,"date":"2020-07-20T14:41:20","date_gmt":"2020-07-20T12:41:20","guid":{"rendered":"http:\/\/paneco.eu\/strona-glowna\/"},"modified":"2026-01-20T10:51:12","modified_gmt":"2026-01-20T09:51:12","slug":"strona-glowna","status":"publish","type":"page","link":"https:\/\/paneco.eu\/es\/","title":{"rendered":"Start"},"content":{"rendered":"<!-- --><div style=\"margin-top: -90px;\">\t\t\t\t<div class=\"swiper-box\">\r\n\t\t\t\t\t<div id=\"swiper-main-slider\" class=\"swiper-slider swiper-container main-slider type-default\">\r\n\t\t\t\t\t\t<div class=\"swiper-wrapper\">\r\n\t\t\t\t\t\t\t\t\t\t\t\t\t\t\t\t\t\t\t<div class=\"swiper-slide slide slide-1\">\r\n\t\t\t\t\t\t\t\t\t\t\t\t\t<div class=\"slide__container container\">\r\n\t<div class=\"slide__content\">\r\n\t\t<div class=\"slide__h\">Su log\u00edstica<br>en buenas manos<\/div><div class=\"slide__desc\">Una red de transitarios europeos<br>entrega todo en el momento<br>y lugar adecuados<\/div><div class=\"slide__button-wrap\"><a class=\"slide__button button\" href=\"\/es\/por-que-vale-la-pena\">Pru\u00e9banos!<\/a><\/div>\t<\/div>\r\n<\/div>\t\t\t\t\t\t\t\t\t\t\t\t<\/div>\r\n\t\t\t\t\t\t\t\t\t\t\t\t\t\t\t\t\t\t\t\t\t\t\t<div class=\"swiper-slide slide slide-2\">\r\n\t\t\t\t\t\t\t\t\t\t\t\t\t<div class=\"slide__container container\">\r\n\t<div class=\"slide__content\">\r\n\t\t<div class=\"slide__h\">Juntos somos fuertes<\/div><div class=\"slide__desc\">Paneco - Red Paneuropea de Transporte<\/div><div class=\"slide__button-wrap\"><a class=\"slide__button button\" href=\"\/es\/por-que-vale-la-pena\">Pru\u00e9banos!<\/a><\/div>\t<\/div>\r\n<\/div>\t\t\t\t\t\t\t\t\t\t\t\t<\/div>\r\n\t\t\t\t\t\t\t\t\t\t\t\t\t\t\t\t\t<\/div>\r\n\t\t\t\t\t<\/div>\r\n\r\n\t\t\t\t\t\t\t\t\t\t\t\t\t<div class=\"swiper-button swiper-button-prev swiper-main-slider-button-prev\"><svg class=\"svg-icon long-arrow-alt-left-fa\" aria-hidden=\"true\" version=\"1.1\" xmlns=\"http:\/\/www.w3.org\/2000\/svg\" viewBox=\"0 0 448 512\"><path class=\"svg-icon__path path-0\" d=\"M107.515 150.971L8.485 250c-4.686 4.686-4.686 12.284 0 16.971L107.515 366c7.56 7.56 20.485 2.206 20.485-8.485v-71.03h308c6.627 0 12-5.373 12-12v-32c0-6.627-5.373-12-12-12H128v-71.03c0-10.69-12.926-16.044-20.485-8.484z\" vector-effect=\"non-scaling-stroke\"><\/path><\/svg><\/div>\r\n\t\t\t\t\t\t\t\t<div class=\"swiper-button swiper-button-next swiper-main-slider-button-next\"><svg class=\"svg-icon long-arrow-alt-right-fa\" aria-hidden=\"true\" version=\"1.1\" xmlns=\"http:\/\/www.w3.org\/2000\/svg\" viewBox=\"0 0 448 512\"><path class=\"svg-icon__path path-0\" d=\"M340.485 366l99.03-99.029c4.686-4.686 4.686-12.284 0-16.971l-99.03-99.029c-7.56-7.56-20.485-2.206-20.485 8.485v71.03H12c-6.627 0-12 5.373-12 12v32c0 6.627 5.373 12 12 12h308v71.03c0 10.689 12.926 16.043 20.485 8.484z\" vector-effect=\"non-scaling-stroke\"><\/path><\/svg><\/div>\r\n\t\t\t\t\t\t\t\r\n\t\t\t\t\t\r\n\t\t\t\t\t\t\t\t\t<\/div>\r\n\t\t\t<\/div>\r\n<div class=\"lv--1\"><div class=\"container\"><div class=\"row\">\r\n\t<div class=\"col-md-6\" data-aos=\"fade-right\">\r\n\t\t<h1 class=\"site__h\">Red paneuropea <span>de transporte<\/span><\/h1>\r\n\t\t<div class=\"p\">Paneco es la primera empresa que re\u00fane a transportistas de casi todos los pa\u00edses europeos en tal medida para crear una red eficiente de transporte y expedici\u00f3n para sus clientes. Ofrecemos una soluci\u00f3n \u00fanica a nivel europeo.<\/div>\r\n\t\t<img src=\"http:\/\/paneco.eu\/wp-content\/uploads\/2021\/03\/Sg__lvl-1.png\" alt=\"Paneuropejska sie\u0107 transportowa\">\r\n\t<\/div>\r\n\t<div class=\"col-md-6 lv--1__items\">\r\n\t\t<div class=\"lv--1__item\" data-aos=\"fade-up\">\r\n\t\t\t<div class=\"lv--1__icon\"><img src=\"http:\/\/paneco.eu\/wp-content\/uploads\/2021\/03\/Sg__lvl-1____ikona____partnerstwo.png\" alt=\"Partnerstwo\u2026\"><\/div>\r\n\t\t\t<h3 class=\"lv--1__h\">Asociaci\u00f3n&#8230;<\/h3>\r\n\t\t\t<div class=\"p\">&#8230; que vale la pena para todos. Con nosotros puede conseguir m\u00e1s, tanto como profesional de nuestro sector (Transport Forwarding Logistics) como en calidad de cliente que busca soluciones log\u00edsticas en Europa.<\/div>\r\n\t\t<\/div>\r\n\t\t<div class=\"lv--1__item\" data-aos=\"fade-up\">\r\n\t\t\t<div class=\"lv--1__icon\"><img src=\"http:\/\/paneco.eu\/wp-content\/uploads\/2021\/03\/Sg__lvl-1____ikona____jakosc.png\" alt=\"Jako\u015b\u0107\"><\/div>\r\n\t\t\t<h3 class=\"lv--1__h\">Calidad<\/h3>\r\n\t\t\t<div class=\"p\">La cooperaci\u00f3n dentro de la red es una garant\u00eda de uniformidad y alto nivel profesional en beneficio de todos. Estamos cerca de nuestros clientes y somos expertos en nuestro sector.<\/div>\r\n\t\t<\/div>\r\n\t\t<div class=\"lv--1__item\" data-aos=\"fade-up\">\r\n\t\t\t<div class=\"lv--1__icon\"><img src=\"http:\/\/paneco.eu\/wp-content\/uploads\/2021\/03\/Sg__lvl-1____ikona____konkurencyjnosc.png\" alt=\"Konkurencyjno\u015b\u0107\"><\/div>\r\n\t\t\t<h3 class=\"lv--1__h\">Competitividad<\/h3>\r\n\t\t\t<div class=\"p\">Las empresas m\u00e1s peque\u00f1as pueden hacer m\u00e1s en equipo. Paneco est\u00e1 ampliando su alcance y creando una oferta competitiva en beneficio de todos los grupos de inter\u00e9s.<\/div>\r\n\t\t<\/div>\r\n\t<\/div>\r\n<\/div>\r\n<div class=\"row text-center\">\r\n\t<div class=\"col-md-12\">\r\n\t\t<iframe width=\"100%\" height=\"500\" src=\"https:\/\/www.youtube.com\/embed\/e3fkVH41bOU?controls=0\" title=\"Paneco Video\" frameborder=\"0\" allow=\"accelerometer; autoplay; clipboard-write; encrypted-media; gyroscope; picture-in-picture\" allowfullscreen><\/iframe>\r\n\t<\/div>\r\n<\/div>\r\n<\/div><\/div>\r\n\r\n<div class=\"lv--2\"><div class=\"container\">\r\n\t<h2 class=\"site__h text-center\" data-aos=\"fade-up\">Las numerosas ventajas de una asociaci\u00f3n<\/h2>\r\n\t<div class=\"site__desc text-center\" data-aos=\"fade-up\">Una cooperaci\u00f3n que vale la pena. Una nueva calidad en el mercado europeo del transporte y la log\u00edstica.<\/div>\r\n\r\n\t<div class=\"lv--2__tabs\" data-aos=\"fade-up\">\r\n\t\t<ul class=\"nav nav-tabs\" role=\"tablist\">\r\n\t\t\t<li class=\"nav-item\" role=\"presentation\">\r\n\t\t\t\t<a class=\"nav-link active\" data-bs-toggle=\"tab\" href=\"#tab-paneuropejsko\" role=\"tab\" aria-selected=\"true\"><span><img src=\"http:\/\/paneco.eu\/wp-content\/uploads\/2021\/03\/Sg__lvl-2____ikona____01__panaeuropejsko.png\" alt=\"Paneuropejsko\"><\/span>Paneuropeo<\/a>\r\n\t\t\t<\/li>\r\n\t\t\t<li class=\"nav-item\" role=\"presentation\">\r\n\t\t\t\t<a class=\"nav-link\" data-bs-toggle=\"tab\" href=\"#tab-kompleksowo\" role=\"tab\" aria-selected=\"false\"><span><img src=\"http:\/\/paneco.eu\/wp-content\/uploads\/2021\/03\/Sg__lvl-2____ikona____02__kompleksowo.png\" alt=\"Kompleksowo\"><\/span>Complejo<\/a>\r\n\t\t\t<\/li>\r\n\t\t\t<li class=\"nav-item\" role=\"presentation\">\r\n\t\t\t\t<a class=\"nav-link\" data-bs-toggle=\"tab\" href=\"#tab-wyj\u0105tkowe-korzystnie\" role=\"tab\" aria-selected=\"false\"><span><img src=\"http:\/\/paneco.eu\/wp-content\/uploads\/2021\/03\/Sg__lvl-2____ikona____03__wyjatkowe.png\" alt=\"Wyj\u0105tkowe korzystnie\"><\/span>Rentabilidad<\/a>\r\n\t\t\t<\/li>\r\n\t\t\t<li class=\"nav-item\" role=\"presentation\">\r\n\t\t\t\t<a class=\"nav-link\" data-bs-toggle=\"tab\" href=\"#tab-na-najwyzszym-poziomie\" role=\"tab\" aria-selected=\"false\"><span><img src=\"http:\/\/paneco.eu\/wp-content\/uploads\/2021\/03\/Sg__lvl-2____ikona____04__na-najwyzszym-poziomie.png\" alt=\"Na najwy\u017cszym poziomie\"><\/span>Al m\u00e1s alto nivel<\/a>\r\n\t\t\t<\/li>\r\n\t\t<\/ul>\r\n\t\t<div class=\"tab-content\">\r\n\t\t\t<div class=\"tab-pane fade show active\" id=\"tab-paneuropejsko\" role=\"tabpanel\">Paneco opera en toda Europa, sin importar las fronteras geogr\u00e1ficas, culturales o ling\u00fc\u00edsticas. Reunimos a expertos de toda la Uni\u00f3n Europea y de la mayor\u00eda de los pa\u00edses extracomunitarios. Gracias a nuestra plataforma, los env\u00edos de nuestros clientes van directamente de puerta a puerta.<\/div>\r\n\t\t\t<div class=\"tab-pane fade\" id=\"tab-kompleksowo\" role=\"tabpanel\">Un contacto con una empresa le abre las puertas de toda Europa. Paneco ofrece servicios log\u00edsticos integrales transfronterizos a trav\u00e9s de sus socios. Nuestros socios se encargan del transporte de cargas generales: grupaje, cargas parciales y completas. <\/div>\r\n\t\t\t<div class=\"tab-pane fade\" id=\"tab-wyj\u0105tkowe-korzystnie\" role=\"tabpanel\">Todos nuestros socios, es decir, los miembros de Paneco, y sus clientes se benefician de esta asociaci\u00f3n. Es una colaboraci\u00f3n que vale la pena para todas las partes. Creamos una oferta que es competitiva con las empresas de transporte mundiales. Actuamos seg\u00fan las mejores pr\u00e1cticas y aplicamos soluciones \u00f3ptimas en t\u00e9rminos de procesos y costes.<\/div>\r\n\t\t\t<div class=\"tab-pane fade\" id=\"tab-na-najwyzszym-poziomie\" role=\"tabpanel\">La pertenencia a un sistema com\u00fan garantiza normas uniformes. Esto, a su vez, influye en los precios de la facturaci\u00f3n mutua, la calidad de los servicios prestados y su alcance. Una plataforma com\u00fan de pedidos y seguimiento de env\u00edos es la guinda del pastel de nuestra red. Vemos Europa como un mercado coherente. Para nosotros es indiferente en qu\u00e9 pa\u00eds comienza el transporte y en qu\u00e9 parte de Europa termina. <\/div>\r\n\t\t<\/div>\r\n\t<\/div>\r\n<\/div><\/div>\r\n\r\n<div class=\"lv--3\"><div class=\"container\">\r\n\t<div class=\"site__h text-center\" data-aos=\"fade-up\">Conv\u00e9nzase de que merece la pena estar o trabajar con nosotros.<\/div>\r\n\t<div class=\"site__desc text-center\" data-aos=\"fade-up\">\u00danase a nosotros como empresa de transporte o encuentre un socio adecuado.<\/div>\r\n\r\n\t<div class=\"row nc-2\">\r\n\t\t<div class=\"col-md-6\" data-aos=\"fade-up\">\r\n\t\t\t<div class=\"lv--3__bg\">\r\n\t\t\t\t<div class=\"lv--3__h\">Si dirige una empresa del sector TSL (Transport-Spedition-Logistik)<\/div>\r\n\t\t\t\t<div class=\"p\">\u00danase a la red Paneco y desarrolle su empresa y su negocio junto a nosotros. Ampl\u00ede sus horizontes y sus opciones. Sus clientes se lo agradecer\u00e1n.<\/div>\r\n\t\t\t\t<a href=\"https:\/\/paneco.eu\/es\/por-que-vale-la-pena\/\">Pru\u00e9balo!<\/a>\r\n\t\t\t<\/div>\r\n\t\t<\/div>\r\n\t\t<div class=\"col-md-6\" data-aos=\"fade-up\">\r\n\t\t\t<div class=\"lv--3__bg\">\r\n\t\t\t\t<div class=\"lv--3__h\">Si busca un socio de transporte<\/div>\r\n\t\t\t\t<div class=\"p\">Ponemos en contacto a empresas de transporte de toda Europa para la distribuci\u00f3n eficaz de sus mercanc\u00edas.<\/div>\r\n\t\t\t\t<a href=\"https:\/\/paneco.eu\/es\/por-que-vale-la-pena\/\">Pru\u00e9balo.!<\/a>\r\n\t\t\t<\/div>\r\n\t\t<\/div>\r\n\t<\/div>\r\n<\/div><\/div>\r\n\r\n<div class=\"lv--4\"><div class=\"container\">\r\n\t<div class=\"lv--4__content\" data-aos=\"fade-up\">\r\n\t\t<div class=\"lv--4__h h\">Su empresa de transportes europea en buenas manos<\/div>\r\n\t\t<div class=\"lv--4__p\">Paneco &#8211; fiabilidad y seguridad<\/div>\r\n\t<\/div>\r\n\t<div class=\"lv--4__button\" data-aos=\"fade-right\">\r\n\t\t<a href=\"http:\/\/paneco.eu\/es\/contacte-con\" class=\"button\">Contacte con<\/a>\r\n\t<\/div>\r\n<\/div><\/div>\r\n\r\n<div class=\"lv--5\"><div class=\"container\" id=\"partners\">\r\n\t<h2 class=\"site__h text-center\" data-aos=\"fade-up\">Nuestros socios &#8211; empresas asociadas<\/h2>\r\n\t<div class=\"site__desc text-center\" data-aos=\"fade-up\">Paneco es una organizaci\u00f3n nueva en el mercado europeo y nos estamos fortaleciendo.<\/div>\r\n\r\n\t<div data-aos=\"fade-up\"><!--[slider-swiper id=\"436\"]-->\r\n\t<!--Logotypy-->\r\n<div class=\"row text-center\">\r\n\t<div class=\"col-md-4\">\r\n\t\t<div class=\"partner\">\r\n\t\t\t<a href=\"https:\/\/www.ncs.fi\" target=\"_blank\" rel=\"noopener\">\r\n\t\t\t\t<img src=\"\/wp-content\/uploads\/2021\/03\/logo-ncs.jpg\">\r\n\t\t\t<\/a>\r\n\t\t<\/div>\r\n\t<\/div>\r\n\t<div class=\"col-md-4\">\r\n\t\t<div class=\"partner\">\r\n\t\t\t<a href=\"https:\/\/transaher.es\" target=\"_blank\" rel=\"noopener\">\r\n\t\t\t\t<img src=\"\/wp-content\/uploads\/2022\/11\/logo-transaher-small-1.png\">\r\n\t\t\t<\/a>\r\n\t\t<\/div>\r\n\t<\/div>\r\n\t<div class=\"col-md-4\">\r\n\t\t<div class=\"partner\">\r\n\t\t\t<a href=\"http:\/\/www.simarco.com\" target=\"_blank\" rel=\"noopener\">\r\n\t\t\t\t<img src=\"\/wp-content\/uploads\/2021\/02\/logo-5.png\">\r\n\t\t\t<\/a>\r\n\t\t<\/div>\r\n\t<\/div>\r\n\t<div class=\"col-md-4\">\r\n\t\t<div class=\"partner\">\r\n\t\t\t<a href=\"https:\/\/kommodus.pl\" target=\"_blank\" rel=\"noopener\">\r\n\t\t\t\t<img src=\"\/wp-content\/uploads\/2021\/04\/logo-poziome-bez-tla.png\">\r\n\t\t\t<\/a>\r\n\t\t<\/div>\r\n\t<\/div>\r\n\t<div class=\"col-md-4\">\r\n\t\t<div class=\"partner\">\r\n\t\t\t<a href=\"https:\/\/www.abc-network.eu\" target=\"_blank\" rel=\"noopener\">\r\n\t\t\t\t<img src=\"\/wp-content\/uploads\/2021\/02\/logo-3.png\">\r\n\t\t\t<\/a>\r\n\t\t<\/div>\r\n\t<\/div>\r\n\t<div class=\"col-md-4\">\r\n\t\t<div class=\"partner\">\r\n\t\t\t<a href=\"https:\/\/cargo24.ch\" target=\"_blank\" rel=\"noopener\">\r\n\t\t\t\t<img src=\"\/wp-content\/uploads\/2021\/02\/logo-2.png\">\r\n\t\t\t<\/a>\r\n\t\t<\/div>\r\n\t<\/div>\r\n\t<div class=\"col-md-4\">\r\n\t\t<div class=\"partner\">\r\n\t\t\t<a href=\"https:\/\/www.elvis-ag.com\" target=\"_blank\" rel=\"noopener\">\r\n\t\t\t\t<img src=\"\/wp-content\/uploads\/2021\/02\/logo-1.png\">\r\n\t\t\t<\/a>\r\n\t\t<\/div>\r\n\t<\/div>\r\n\t<div class=\"col-md-4\">\r\n\t\t<div class=\"partner\">\r\n\t\t\t<a href=\"https:\/\/www.transnautica.pt\/pt\" target=\"_blank\" rel=\"noopener\">\r\n\t\t\t\t<img src=\"\/wp-content\/uploads\/2021\/03\/logo-1-1.png\">\r\n\t\t\t<\/a>\r\n\t\t<\/div>\r\n\t<\/div>\r\n\t<!-- <div class=\"col-md-4\">\r\n\t\t<div class=\"partner\">\r\n\t\t\t<a href=\"https:\/\/goellner-spedition.eu\/\" target=\"_blank\" rel=\"noopener\">\r\n\t\t\t\t<img src=\"\/wp-content\/uploads\/2021\/03\/goellner_logo2_kl-16.png\">\r\n\t\t\t<\/a>\r\n\t\t<\/div>\r\n\t<\/div> -->\r\n\t<div class=\"col-md-4\">\r\n\t\t<div class=\"partner\">\r\n\t\t\t<a href=\"http:\/\/www.tka.rs\" target=\"_blank\" rel=\"noopener\">\r\n\t\t\t\t<img src=\"\/wp-content\/uploads\/2024\/06\/tkalogo.png\">\r\n\t\t\t<\/a>\r\n\t\t<\/div>\r\n\t<\/div>\r\n\t<div class=\"col-md-4\">\r\n\t\t<div class=\"partner\">\r\n\t\t\t<a href=\"https:\/\/www.hst.nl\/en\/\" target=\"_blank\" rel=\"noopener\">\r\n\t\t\t\t<img src=\"\/wp-content\/uploads\/2021\/03\/HST-Groep.jpg\">\r\n\t\t\t<\/a>\r\n\t\t<\/div>\r\n\t<\/div>\r\n\t<div class=\"col-md-4\">\r\n\t\t<div class=\"partner\">\r\n\t\t\t<a href=\"https:\/\/www.allmed.ie\/\" target=\"_blank\" rel=\"noopener\">\r\n\t\t\t\t<img src=\"\/wp-content\/uploads\/2021\/03\/allmed-logo.png\">\r\n\t\t\t<\/a>\r\n\t\t<\/div>\r\n\t<\/div>\r\n\t<div class=\"col-md-4\">\r\n\t\t<div class=\"partner\">\r\n\t\t\t<a href=\"https:\/\/www.vit-log.cz\" target=\"_blank\" rel=\"noopener\">\r\n\t\t\t\t<img src=\"\/wp-content\/uploads\/2021\/03\/logo-1.png\">\r\n\t\t\t<\/a>\r\n\t\t<\/div>\r\n\t<\/div>\r\n\t<div class=\"col-md-4\">\r\n\t\t<div class=\"partner\">\r\n\t\t\t<a href=\"https:\/\/www.ntex.se\" target=\"_blank\" rel=\"noopener\">\r\n\t\t\t\t<img src=\"\/wp-content\/uploads\/2021\/05\/ntex.png\">\r\n\t\t\t<\/a>\r\n\t\t<\/div>\r\n\t<\/div>\r\n\t<!-- <div class=\"col-md-4\">\r\n\t\t<div class=\"partner\">\r\n\t\t\t<a href=\"https:\/\/www.vieslogistics.com\/\" target=\"_blank\" rel=\"noopener\">\r\n\t\t\t\t<img src=\"\/wp-content\/uploads\/2021\/11\/vies-logistics.jpg\">\r\n\t\t\t<\/a>\r\n\t\t<\/div>\r\n\t<\/div> -->\r\n\t<!-- <div class=\"col-md-4\">\r\n\t\t<div class=\"partner\">\r\n\t\t\t<a href=\"https:\/\/www.jetlogistics.eu\/\" target=\"_blank\" rel=\"noopener\">\r\n\t\t\t\t<img src=\"\/wp-content\/uploads\/2021\/11\/jet-logistics.jpg\">\r\n\t\t\t<\/a>\r\n\t\t<\/div>\r\n\t<\/div> -->\r\n\t<div class=\"col-md-4\">\r\n\t\t<div class=\"partner\">\r\n\t\t\t<a href=\"https:\/\/www.ctsgroup.nl\/\" target=\"_blank\" rel=\"noopener\">\r\n\t\t\t\t<img src=\"\/wp-content\/uploads\/2025\/07\/logo-cts.png\">\r\n\t\t\t<\/a>\r\n\t\t<\/div>\r\n\t<\/div>\r\n\t<!-- <div class=\"col-md-4\">\r\n\t\t<div class=\"partner\">\r\n\t\t\t<a href=\"https:\/\/fevzigandur.com\/\" target=\"_blank\" rel=\"noopener\">\r\n\t\t\t\t<img src=\"\/wp-content\/uploads\/2021\/11\/fevzi-gandur-logistics.jpg\">\r\n\t\t\t<\/a>\r\n\t\t<\/div>\r\n\t<\/div> -->\r\n\t<div class=\"col-md-4\">\r\n\t\t<div class=\"partner\">\r\n\t\t\t<a href=\"https:\/\/www.toten-transport.no\/\" target=\"_blank\" rel=\"noopener\">\r\n\t\t\t\t<img src=\"\/wp-content\/uploads\/2025\/07\/logo-toten.png\">\r\n\t\t\t<\/a>\r\n\t\t<\/div>\r\n\t<\/div>\r\n\t<div class=\"col-md-4\">\r\n\t\t<div class=\"partner\">\r\n\t\t\t<a href=\"https:\/\/www.delamode-group.com\/\" target=\"_blank\" rel=\"noopener\">\r\n\t\t\t\t<img src=\"\/wp-content\/uploads\/2021\/12\/delamode.jpg\">\r\n\t\t\t<\/a>\r\n\t\t<\/div>\r\n\t<\/div>\r\n\t<!-- <div class=\"col-md-4\">\r\n\t\t<div class=\"partner\">\r\n\t\t\t<a href=\"http:\/\/www.iltlogistics.gr\/\" target=\"_blank\" rel=\"noopener\">\r\n\t\t\t\t<img src=\"\/wp-content\/uploads\/2022\/11\/ILT_Logistics-1.png\">\r\n\t\t\t<\/a>\r\n\t\t<\/div>\r\n\t<\/div> -->\r\n\t<div class=\"col-md-4\">\r\n\t\t<div class=\"partner\">\r\n\t\t\t<a href=\"https:\/\/santosevale.pt\/\" target=\"_blank\" rel=\"noopener\">\r\n\t\t\t\t<img src=\"\/wp-content\/uploads\/2025\/07\/logo-santosevale.png\">\r\n\t\t\t<\/a>\r\n\t\t<\/div>\r\n\t<\/div>\r\n\t<div class=\"col-md-4\">\r\n\t\t<div class=\"partner\">\r\n\t\t\t<a href=\"https:\/\/www.pedretti.fr\" target=\"_blank\" rel=\"noopener\">\r\n\t\t\t\t<img src=\"\/wp-content\/uploads\/2024\/10\/pedretti.png\" \/>\r\n\t\t\t<\/a>\r\n\t\t<\/div>\r\n\t<\/div>\r\n\t<div class=\"col-md-4\">\r\n\t\t<div class=\"partner\">\r\n\t\t\t<a href=\"https:\/\/www.locargo.hu\" target=\"_blank\" rel=\"noopener\">\r\n\t\t\t\t<img src=\"\/wp-content\/uploads\/2024\/06\/locargo-1.png\" \/>\r\n\t\t\t<\/a>\r\n\t\t<\/div>\r\n\t<\/div>\r\n\t<div class=\"col-md-4\">\r\n\t\t<div class=\"partner\">\r\n\t\t\t<a href=\"https:\/\/icon-x.am\" target=\"_blank\" rel=\"noopener\">\r\n\t\t\t\t<img src=\"\/wp-content\/uploads\/2026\/01\/iconx.png\" \/>\r\n\t\t\t<\/a>\r\n\t\t<\/div>\r\n\t<\/div>\r\n<\/div>\r\n\r\n\t<div class=\"lv--4__button text-center\">\r\n\t\t<a href=\"\/es\/map\" class=\"button\">Mapa de nuestros socios<\/a>\r\n\t<\/div>\r\n\r\n\t<\/div>\r\n<\/div>","protected":false},"excerpt":{"rendered":"Red paneuropea de transporte Paneco es la primera empresa que re\u00fane a transportistas de casi todos los pa\u00edses europeos en tal medida para crear una red eficiente de transporte y expedici\u00f3n para sus clientes. Ofrecemos una soluci\u00f3n \u00fanica a nivel europeo. Asociaci\u00f3n&#8230; &#8230; que vale la pena para todos. Con nosotros puede conseguir m\u00e1s, tanto [&hellip;]","protected":false},"author":1,"featured_media":0,"parent":0,"menu_order":0,"comment_status":"closed","ping_status":"closed","template":"templates\/page-full-width.php","meta":{"inline_featured_image":false},"yoast_head":"<!-- This site is optimized with the Yoast SEO plugin v19.4 - https:\/\/yoast.com\/wordpress\/plugins\/seo\/ -->\n<title>Red Paneuropea de Transporte Paneco<\/title>\n<meta name=\"description\" content=\"Paneco: Red paneuropea de transporte. \u00danase a nosotros y ampl\u00ede su alcance y servicios con una asociaci\u00f3n en la \u00fanica red de este tipo en Europa. Estamos cerca de nuestros clientes.\" \/>\n<meta name=\"robots\" content=\"index, follow, max-snippet:-1, max-image-preview:large, max-video-preview:-1\" \/>\n<link rel=\"canonical\" href=\"https:\/\/paneco.eu\/es\/\" \/>\n<meta property=\"og:locale\" content=\"es_ES\" \/>\n<meta property=\"og:type\" content=\"article\" \/>\n<meta property=\"og:title\" content=\"Red Paneuropea de Transporte Paneco\" \/>\n<meta property=\"og:description\" content=\"Paneco: Red paneuropea de transporte. \u00danase a nosotros y ampl\u00ede su alcance y servicios con una asociaci\u00f3n en la \u00fanica red de este tipo en Europa. Estamos cerca de nuestros clientes.\" \/>\n<meta property=\"og:url\" content=\"https:\/\/paneco.eu\/es\/\" \/>\n<meta property=\"og:site_name\" content=\"Paneco\" \/>\n<meta property=\"article:modified_time\" content=\"2026-01-20T09:51:12+00:00\" \/>\n<meta property=\"og:image\" content=\"http:\/\/paneco.eu\/wp-content\/uploads\/2021\/03\/Sg__lvl-1.png\" \/>\n<meta name=\"twitter:card\" content=\"summary_large_image\" \/>\n<meta name=\"twitter:label1\" content=\"Tiempo de lectura\" \/>\n\t<meta name=\"twitter:data1\" content=\"10 minutos\" \/>\n<script type=\"application\/ld+json\" class=\"yoast-schema-graph\">{\"@context\":\"https:\/\/schema.org\",\"@graph\":[{\"@type\":\"Organization\",\"@id\":\"https:\/\/paneco.eu\/#organization\",\"name\":\"PANECO\",\"url\":\"https:\/\/paneco.eu\/\",\"sameAs\":[],\"logo\":{\"@type\":\"ImageObject\",\"inLanguage\":\"es\",\"@id\":\"https:\/\/paneco.eu\/#\/schema\/logo\/image\/\",\"url\":\"https:\/\/paneco.eu\/wp-content\/uploads\/2024\/07\/paneco-news.jpg\",\"contentUrl\":\"https:\/\/paneco.eu\/wp-content\/uploads\/2024\/07\/paneco-news.jpg\",\"width\":1360,\"height\":545,\"caption\":\"PANECO\"},\"image\":{\"@id\":\"https:\/\/paneco.eu\/#\/schema\/logo\/image\/\"}},{\"@type\":\"WebSite\",\"@id\":\"https:\/\/paneco.eu\/#website\",\"url\":\"https:\/\/paneco.eu\/\",\"name\":\"Paneco\",\"description\":\"Pan-European Transport Network\",\"publisher\":{\"@id\":\"https:\/\/paneco.eu\/#organization\"},\"potentialAction\":[{\"@type\":\"SearchAction\",\"target\":{\"@type\":\"EntryPoint\",\"urlTemplate\":\"https:\/\/paneco.eu\/?s={search_term_string}\"},\"query-input\":\"required name=search_term_string\"}],\"inLanguage\":\"es\"},{\"@type\":\"WebPage\",\"@id\":\"https:\/\/paneco.eu\/es\/\",\"url\":\"https:\/\/paneco.eu\/es\/\",\"name\":\"Red Paneuropea de Transporte Paneco\",\"isPartOf\":{\"@id\":\"https:\/\/paneco.eu\/#website\"},\"datePublished\":\"2020-07-20T12:41:20+00:00\",\"dateModified\":\"2026-01-20T09:51:12+00:00\",\"description\":\"Paneco: Red paneuropea de transporte. \u00danase a nosotros y ampl\u00ede su alcance y servicios con una asociaci\u00f3n en la \u00fanica red de este tipo en Europa. Estamos cerca de nuestros clientes.\",\"breadcrumb\":{\"@id\":\"https:\/\/paneco.eu\/es\/#breadcrumb\"},\"inLanguage\":\"es\",\"potentialAction\":[{\"@type\":\"ReadAction\",\"target\":[\"https:\/\/paneco.eu\/es\/\"]}]},{\"@type\":\"BreadcrumbList\",\"@id\":\"https:\/\/paneco.eu\/es\/#breadcrumb\",\"itemListElement\":[{\"@type\":\"ListItem\",\"position\":1,\"name\":\"Start\",\"item\":\"https:\/\/paneco.eu\/es\/\"},{\"@type\":\"ListItem\",\"position\":2,\"name\":\"Start\"}]}]}<\/script>\n<!-- \/ Yoast SEO plugin. -->","yoast_head_json":{"title":"Red Paneuropea de Transporte Paneco","description":"Paneco: Red paneuropea de transporte. \u00danase a nosotros y ampl\u00ede su alcance y servicios con una asociaci\u00f3n en la \u00fanica red de este tipo en Europa. Estamos cerca de nuestros clientes.","robots":{"index":"index","follow":"follow","max-snippet":"max-snippet:-1","max-image-preview":"max-image-preview:large","max-video-preview":"max-video-preview:-1"},"canonical":"https:\/\/paneco.eu\/es\/","og_locale":"es_ES","og_type":"article","og_title":"Red Paneuropea de Transporte Paneco","og_description":"Paneco: Red paneuropea de transporte. \u00danase a nosotros y ampl\u00ede su alcance y servicios con una asociaci\u00f3n en la \u00fanica red de este tipo en Europa. Estamos cerca de nuestros clientes.","og_url":"https:\/\/paneco.eu\/es\/","og_site_name":"Paneco","article_modified_time":"2026-01-20T09:51:12+00:00","og_image":[{"url":"http:\/\/paneco.eu\/wp-content\/uploads\/2021\/03\/Sg__lvl-1.png"}],"twitter_card":"summary_large_image","twitter_misc":{"Tiempo de lectura":"10 minutos"},"schema":{"@context":"https:\/\/schema.org","@graph":[{"@type":"Organization","@id":"https:\/\/paneco.eu\/#organization","name":"PANECO","url":"https:\/\/paneco.eu\/","sameAs":[],"logo":{"@type":"ImageObject","inLanguage":"es","@id":"https:\/\/paneco.eu\/#\/schema\/logo\/image\/","url":"https:\/\/paneco.eu\/wp-content\/uploads\/2024\/07\/paneco-news.jpg","contentUrl":"https:\/\/paneco.eu\/wp-content\/uploads\/2024\/07\/paneco-news.jpg","width":1360,"height":545,"caption":"PANECO"},"image":{"@id":"https:\/\/paneco.eu\/#\/schema\/logo\/image\/"}},{"@type":"WebSite","@id":"https:\/\/paneco.eu\/#website","url":"https:\/\/paneco.eu\/","name":"Paneco","description":"Pan-European Transport Network","publisher":{"@id":"https:\/\/paneco.eu\/#organization"},"potentialAction":[{"@type":"SearchAction","target":{"@type":"EntryPoint","urlTemplate":"https:\/\/paneco.eu\/?s={search_term_string}"},"query-input":"required name=search_term_string"}],"inLanguage":"es"},{"@type":"WebPage","@id":"https:\/\/paneco.eu\/es\/","url":"https:\/\/paneco.eu\/es\/","name":"Red Paneuropea de Transporte Paneco","isPartOf":{"@id":"https:\/\/paneco.eu\/#website"},"datePublished":"2020-07-20T12:41:20+00:00","dateModified":"2026-01-20T09:51:12+00:00","description":"Paneco: Red paneuropea de transporte. \u00danase a nosotros y ampl\u00ede su alcance y servicios con una asociaci\u00f3n en la \u00fanica red de este tipo en Europa. Estamos cerca de nuestros clientes.","breadcrumb":{"@id":"https:\/\/paneco.eu\/es\/#breadcrumb"},"inLanguage":"es","potentialAction":[{"@type":"ReadAction","target":["https:\/\/paneco.eu\/es\/"]}]},{"@type":"BreadcrumbList","@id":"https:\/\/paneco.eu\/es\/#breadcrumb","itemListElement":[{"@type":"ListItem","position":1,"name":"Start","item":"https:\/\/paneco.eu\/es\/"},{"@type":"ListItem","position":2,"name":"Start"}]}]}},"_links":{"self":[{"href":"https:\/\/paneco.eu\/es\/wp-json\/wp\/v2\/pages\/605"}],"collection":[{"href":"https:\/\/paneco.eu\/es\/wp-json\/wp\/v2\/pages"}],"about":[{"href":"https:\/\/paneco.eu\/es\/wp-json\/wp\/v2\/types\/page"}],"author":[{"embeddable":true,"href":"https:\/\/paneco.eu\/es\/wp-json\/wp\/v2\/users\/1"}],"replies":[{"embeddable":true,"href":"https:\/\/paneco.eu\/es\/wp-json\/wp\/v2\/comments?post=605"}],"version-history":[{"count":37,"href":"https:\/\/paneco.eu\/es\/wp-json\/wp\/v2\/pages\/605\/revisions"}],"predecessor-version":[{"id":3129,"href":"https:\/\/paneco.eu\/es\/wp-json\/wp\/v2\/pages\/605\/revisions\/3129"}],"wp:attachment":[{"href":"https:\/\/paneco.eu\/es\/wp-json\/wp\/v2\/media?parent=605"}],"curies":[{"name":"wp","href":"https:\/\/api.w.org\/{rel}","templated":true}]}}