{"id":528,"date":"2021-02-25T14:41:07","date_gmt":"2021-02-25T13:41:07","guid":{"rendered":"http:\/\/paneco.eu\/dlaczego-warto\/"},"modified":"2022-02-17T12:31:45","modified_gmt":"2022-02-17T11:31:45","slug":"warum-lohnt-sich-das","status":"publish","type":"page","link":"https:\/\/paneco.eu\/de\/warum-lohnt-sich-das\/","title":{"rendered":"Warum lohnt sich das?"},"content":{"rendered":"<h2 class=\"site__h text-center\" data-aos=\"fade-up\">Europaweite Vorteile<\/h2>\r\n<div class=\"site__desc text-center\" data-aos=\"fade-up\">Gesch\u00e4fte laufen am besten, wenn man nach dem &#8222;Win-Win&#8220;-Prinzip arbeitet. Dieses Prinzip liegt dem Paneurop\u00e4ischen Transportnetz zugrunde, das wir eingerichtet haben, um es kleineren, lokal t\u00e4tigen Transportunternehmen, zu erleichtern, mit Unternehmen in anderen L\u00e4ndern zusammenzuarbeiten, und somit ihren Kunden die M\u00f6glichkeit zu geben, von einem  europaweiten Transportdienst Gebrauch zu machen.<\/div>\r\n<div class=\"site__desc text-center\" data-aos=\"fade-up\">Wir arbeiten \u00fcber Grenzen hinweg, beseitigen Unterschiede und Barrieren und sorgen daf\u00fcr, dass hohe fachliche Standards eingehalten werden.<\/div>\r\n\r\n<div class=\"site__img\">\r\n\t<div data-aos=\"fade-up\">\r\n\t\t<img src=\"http:\/\/paneco.eu\/wp-content\/uploads\/2021\/03\/dlaczego-warto.jpg\" alt=\"Paneuropejskie korzy\u015bci\">\r\n\t<\/div>\r\n<\/div>\r\n\r\n<div class=\"row\">\r\n\t<div id=\"fur-kunden\" class=\"col-md-6\">\r\n\t\t<div data-aos=\"fade-up\">\r\n\t\t\t<h3 class=\"h\">Wenn Sie einen Dienstleister suchen<\/h3>\r\n\t\t\t<div class=\"p\">Die Suche nach dem optimalen Logistikdienstleister kann schwierig und zeitaufw\u00e4ndig sein. Deshalb bieten wir Ihnen eine Partnerschaft mit Paneco an. Unsere Partner sind die f\u00fchrenden Unternehmen in Europa. Wenn Sie mit einem Paneco-Mitgliedsunternehmen zusammenarbeiten, k\u00f6nnen Sie sicher sein, dass Sie eine optimale L\u00f6sung erhalten.<\/div>\r\n\t\t\t<div class=\"p\"><b>Unsere St\u00e4rken<\/b><\/div>\r\n\t\t\t<ul>\r\n\t\t\t\t<li>Europaweiter Transport im Rahmen eines einheitlichen Systems und einheitlicher Standards<\/li>\r\n\t\t\t\t<li>Attraktive Preise<\/li>\r\n\t\t\t\t<li>Reibungslose Arbeitsweise Dank einheitlicher Regeln<\/li>\r\n\t\t\t\t<li>Unsere Partner pflegen immer einen engen Kontakt zu unseren Kunden<\/li>\r\n\t\t\t<\/ul>\r\n\t\t\t<div class=\"p\"><b>Kontaktieren Sie uns, wenn Sie einen Partner von uns suchen!<\/b><\/div>\r\n\t\t\t<div class=\"p\"><a class=\"button\" href=\"http:\/\/paneco.eu\/de\/kontakt\/\">Kontakt<\/a><\/div>\r\n\t\t<\/div>\r\n\t<\/div>\r\n\t<div id=\"fur-transportunternehmen\" class=\"col-md-6\">\r\n\t\t<div data-aos=\"fade-up\" data-aos-delay=\"100\">\r\n\t\t\t<h3 class=\"h\">Wenn Sie ein Speditionsunternehmen betreiben<\/h3>\r\n\t\t\t<div class=\"p\">Paneco ist die L\u00f6sung f\u00fcr starke lokale Unternehmen. Dank unserem Konzept k\u00f6nnen sich die Partnerunternehmen sicher entwickeln und ihre Kunden umfassend bedienen.<\/div>\r\n\t\t\t<div class=\"p\">Wir garantieren eine gemeinsame Betriebsplattform und ein koh\u00e4rentes System, das daf\u00fcr sorgt, dass professionelle Standards, Preisbedingungen und betriebliche L\u00f6sungen eingehalten werden. Wir sind Ihr Partner.<\/div>\r\n\t\t\t<div class=\"p\"><b>Was hat Ihr Unternehmen davon? <\/b><\/div>\r\n\t\t\t<ul>\r\n\t\t\t\t<li>Erweiterung der geographischen Reichweite Ihrer Dienstleistungen <\/li>\r\n\t\t\t\t<li>Erweiterung des Dienstleistungsportfolios dank des Zugangs zu einer breiten Palette von Dienstleistungen anderer Partner <\/li>\r\n\t\t\t<\/ul>\r\n\t\t\t<div class=\"p\"><b>Kontaktieren Sie uns f\u00fcr weitere Details zur Mitgliedschaft in unserem Netzwerk!<\/b><\/div>\r\n\t\t\t<div class=\"p\"><a class=\"button\" href=\"http:\/\/paneco.eu\/de\/kontakt\/\">Kontakt<\/a><\/div>\r\n\t\t<\/div>\r\n\t<\/div>\r\n<\/div>\r\n\r\n<div class=\"lv--4 full__width\"><div class=\"container\">\r\n\t<div class=\"lv--4__content\" data-aos=\"fade-up\">\r\n\t\t<div class=\"lv--4__h h\">Ihre europ\u00e4ische Spedition in guten H\u00e4nden<\/div>\r\n\t\t<div class=\"lv--4__p\">Paneco &#8211; Zuverl\u00e4ssigkeit und Sicherheit.<\/div>\r\n\t<\/div>\r\n\t<div class=\"lv--4__button\">\r\n\t\t<a href=\"http:\/\/paneco.eu\/de\/kontakt\/\" class=\"button\">Kontakt<\/a>\r\n\t<\/div>\r\n<\/div><\/div>\r\n\r\n<div class=\"lv--6\">\r\n\t<h2 class=\"site__h text-center\">Es lohnt sich, mit uns und unseren Partnern zusammenzuarbeiten<\/h2>\r\n\t<div class=\"site__desc text-center\" data-aos=\"fade-up\">Paneco bietet den Partnern und ihren Kunden eine Reihe von Vorteilen<\/div>\r\n\r\n\t<div class=\"row nc-4\">\r\n\t\t<div class=\"col-md-6 col-xl-3\" data-aos=\"fade-up\">\r\n\t\t\t<img src=\"http:\/\/paneco.eu\/wp-content\/uploads\/2021\/03\/dlaczego-warto___cala-europa.jpg\" alt=\"Ca\u0142a Europa\">\r\n\t\t\t<div class=\"lv--6__content\">\r\n\t\t\t\t<div class=\"h\">Ganz Europa<\/div>\r\n\t\t\t\t<div class=\"p\">Nicht nur EU-L\u00e4nder.<\/div>\r\n\t\t\t<\/div>\r\n\t\t<\/div>\r\n\t\t<div class=\"col-md-6 col-xl-3\" data-aos=\"fade-up\">\r\n\t\t\t<img src=\"http:\/\/paneco.eu\/wp-content\/uploads\/2021\/02\/lv-6-2.png\" alt=\"Kompleksowo\u015b\u0107\">\r\n\t\t\t<div class=\"lv--6__content\">\r\n\t\t\t\t<div class=\"h\">Komplexit\u00e4t<\/div>\r\n\t\t\t\t<div class=\"p\">TSL (Transport, Spedition, Logistik) \u00fcber Grenzen hinweg.<\/div>\r\n\t\t\t<\/div>\r\n\t\t<\/div>\r\n\t\t<div class=\"col-md-6 col-xl-3\" data-aos=\"fade-up\">\r\n\t\t\t<img src=\"http:\/\/paneco.eu\/wp-content\/uploads\/2021\/03\/dlaczego-warto___atrakcyjne-ceny.jpg\" alt=\"Atrakcyjne ceny\">\r\n\t\t\t<div class=\"lv--6__content\">\r\n\t\t\t\t<div class=\"h\">Attraktive Preise<\/div>\r\n\t\t\t\t<div class=\"p\">Konkurrenzf\u00e4higes Angebot im Vergleich zu globalen Transportunternehmen.<\/div>\r\n\t\t\t<\/div>\r\n\t\t<\/div>\r\n\t\t<div class=\"col-md-6 col-xl-3\" data-aos=\"fade-up\">\r\n\t\t\t<img src=\"http:\/\/paneco.eu\/wp-content\/uploads\/2021\/03\/dlaczego-warto___szybki-transport.jpg\" alt=\"Szybki transport\">\r\n\t\t\t<div class=\"lv--6__content\">\r\n\t\t\t\t<div class=\"h\">Schneller Versand<\/div>\r\n\t\t\t\t<div class=\"p\">Transporte aus jedem und zu jedem Winkel unseres Kontinents.<\/div>\r\n\t\t\t<\/div>\r\n\t\t<\/div>\r\n\t<\/div>\r\n\r\n\t<div class=\"row nc-4\">\r\n\t\t<div class=\"col-md-6 col-xl-3\" data-aos=\"fade-up\">\r\n\t\t\t<img src=\"http:\/\/paneco.eu\/wp-content\/uploads\/2021\/03\/dlaczego-warto___spojny-system.jpg\" alt=\"Sp\u00f3jny system\">\r\n\t\t\t<div class=\"lv--6__content\">\r\n\t\t\t\t<div class=\"h\">Einheitliches System<\/div>\r\n\t\t\t\t<div class=\"p\">Einheitliche Regeln und Preislisten f\u00fcr gegenseitige Abrechnungen zwischen den Partnern<\/div>\r\n\t\t\t<\/div>\r\n\t\t<\/div>\r\n\t\t<div class=\"col-md-6 col-xl-3\" data-aos=\"fade-up\">\r\n\t\t\t<img src=\"http:\/\/paneco.eu\/wp-content\/uploads\/2021\/03\/dlaczego-warto___przyjazna-platforma.jpg\" alt=\"Przyjazna platforma\">\r\n\t\t\t<div class=\"lv--6__content\">\r\n\t\t\t\t<div class=\"h\">Benutzerfreundliche Plattform<\/div>\r\n\t\t\t\t<div class=\"p\">Technologie f\u00fcr den sicheren Transport \u00fcber Grenzen hinweg.<\/div>\r\n\t\t\t<\/div>\r\n\t\t<\/div>\r\n\t\t<div class=\"col-md-6 col-xl-3\" data-aos=\"fade-up\">\r\n\t\t\t<img src=\"http:\/\/paneco.eu\/wp-content\/uploads\/2021\/03\/dlaczego-warto___wysokie-standardy.jpg\" alt=\"Wysokie standardy\">\r\n\t\t\t<div class=\"lv--6__content\">\r\n\t\t\t\t<div class=\"h\">Hohe Standards<\/div>\r\n\t\t\t\t<div class=\"p\">Unsere Mitglieder verpflichten sich, diese einzuhalten.<\/div>\r\n\t\t\t<\/div>\r\n\t\t<\/div>\r\n\t\t<div class=\"col-md-6 col-xl-3\" data-aos=\"fade-up\">\r\n\t\t\t<img src=\"http:\/\/paneco.eu\/wp-content\/uploads\/2021\/03\/dlaczego-warto___dowoln-przesylki.jpg\" alt=\"Dowolne przesy\u0142ki\">\r\n\t\t\t<div class=\"lv--6__content\">\r\n\t\t\t\t<div class=\"h\">Jede Art von Sendung<\/div>\r\n\t\t\t\t<div class=\"p\">St\u00fcckgut, Teilladungen und Komplettladungen.<\/div>\r\n\t\t\t\t\r\n\r\n\t\t\t<\/div>\r\n\t\t<\/div>\r\n\t<\/div>\r\n<\/div>","protected":false},"excerpt":{"rendered":"Europaweite Vorteile Gesch\u00e4fte laufen am besten, wenn man nach dem &#8222;Win-Win&#8220;-Prinzip arbeitet. Dieses Prinzip liegt dem Paneurop\u00e4ischen Transportnetz zugrunde, das wir eingerichtet haben, um es kleineren, lokal t\u00e4tigen Transportunternehmen, zu erleichtern, mit Unternehmen in anderen L\u00e4ndern zusammenzuarbeiten, und somit ihren Kunden die M\u00f6glichkeit zu geben, von einem europaweiten Transportdienst Gebrauch zu machen. Wir arbeiten \u00fcber [&hellip;]","protected":false},"author":1,"featured_media":0,"parent":0,"menu_order":0,"comment_status":"closed","ping_status":"closed","template":"","meta":{"inline_featured_image":false},"yoast_head":"<!-- This site is optimized with the Yoast SEO plugin v19.4 - https:\/\/yoast.com\/wordpress\/plugins\/seo\/ -->\n<title>Warum lohnt sich das? - Paneco<\/title>\n<meta name=\"robots\" content=\"index, follow, max-snippet:-1, max-image-preview:large, max-video-preview:-1\" \/>\n<link rel=\"canonical\" href=\"https:\/\/paneco.eu\/de\/warum-lohnt-sich-das\/\" \/>\n<meta property=\"og:locale\" content=\"de_DE\" \/>\n<meta property=\"og:type\" content=\"article\" \/>\n<meta property=\"og:title\" content=\"Warum lohnt sich das? - Paneco\" \/>\n<meta property=\"og:description\" content=\"Europaweite Vorteile Gesch\u00e4fte laufen am besten, wenn man nach dem &#8222;Win-Win&#8220;-Prinzip arbeitet. Dieses Prinzip liegt dem Paneurop\u00e4ischen Transportnetz zugrunde, das wir eingerichtet haben, um es kleineren, lokal t\u00e4tigen Transportunternehmen, zu erleichtern, mit Unternehmen in anderen L\u00e4ndern zusammenzuarbeiten, und somit ihren Kunden die M\u00f6glichkeit zu geben, von einem europaweiten Transportdienst Gebrauch zu machen. Wir arbeiten \u00fcber [&hellip;]\" \/>\n<meta property=\"og:url\" content=\"https:\/\/paneco.eu\/de\/warum-lohnt-sich-das\/\" \/>\n<meta property=\"og:site_name\" content=\"Paneco\" \/>\n<meta property=\"article:modified_time\" content=\"2022-02-17T11:31:45+00:00\" \/>\n<meta property=\"og:image\" content=\"http:\/\/paneco.eu\/wp-content\/uploads\/2021\/03\/dlaczego-warto.jpg\" \/>\n<meta name=\"twitter:card\" content=\"summary_large_image\" \/>\n<meta name=\"twitter:label1\" content=\"Gesch\u00e4tzte Lesezeit\" \/>\n\t<meta name=\"twitter:data1\" content=\"2\u00a0Minuten\" \/>\n<script type=\"application\/ld+json\" class=\"yoast-schema-graph\">{\"@context\":\"https:\/\/schema.org\",\"@graph\":[{\"@type\":\"Organization\",\"@id\":\"https:\/\/paneco.eu\/#organization\",\"name\":\"PANECO\",\"url\":\"https:\/\/paneco.eu\/\",\"sameAs\":[],\"logo\":{\"@type\":\"ImageObject\",\"inLanguage\":\"de\",\"@id\":\"https:\/\/paneco.eu\/#\/schema\/logo\/image\/\",\"url\":\"https:\/\/paneco.eu\/wp-content\/uploads\/2024\/07\/paneco-news.jpg\",\"contentUrl\":\"https:\/\/paneco.eu\/wp-content\/uploads\/2024\/07\/paneco-news.jpg\",\"width\":1360,\"height\":545,\"caption\":\"PANECO\"},\"image\":{\"@id\":\"https:\/\/paneco.eu\/#\/schema\/logo\/image\/\"}},{\"@type\":\"WebSite\",\"@id\":\"https:\/\/paneco.eu\/#website\",\"url\":\"https:\/\/paneco.eu\/\",\"name\":\"Paneco\",\"description\":\"Pan-European Transport Network\",\"publisher\":{\"@id\":\"https:\/\/paneco.eu\/#organization\"},\"potentialAction\":[{\"@type\":\"SearchAction\",\"target\":{\"@type\":\"EntryPoint\",\"urlTemplate\":\"https:\/\/paneco.eu\/?s={search_term_string}\"},\"query-input\":\"required name=search_term_string\"}],\"inLanguage\":\"de\"},{\"@type\":\"WebPage\",\"@id\":\"https:\/\/paneco.eu\/de\/warum-lohnt-sich-das\/\",\"url\":\"https:\/\/paneco.eu\/de\/warum-lohnt-sich-das\/\",\"name\":\"Warum lohnt sich das? - Paneco\",\"isPartOf\":{\"@id\":\"https:\/\/paneco.eu\/#website\"},\"datePublished\":\"2021-02-25T13:41:07+00:00\",\"dateModified\":\"2022-02-17T11:31:45+00:00\",\"breadcrumb\":{\"@id\":\"https:\/\/paneco.eu\/de\/warum-lohnt-sich-das\/#breadcrumb\"},\"inLanguage\":\"de\",\"potentialAction\":[{\"@type\":\"ReadAction\",\"target\":[\"https:\/\/paneco.eu\/de\/warum-lohnt-sich-das\/\"]}]},{\"@type\":\"BreadcrumbList\",\"@id\":\"https:\/\/paneco.eu\/de\/warum-lohnt-sich-das\/#breadcrumb\",\"itemListElement\":[{\"@type\":\"ListItem\",\"position\":1,\"name\":\"Start\",\"item\":\"https:\/\/paneco.eu\/de\/\"},{\"@type\":\"ListItem\",\"position\":2,\"name\":\"Warum lohnt sich das?\"}]}]}<\/script>\n<!-- \/ Yoast SEO plugin. -->","yoast_head_json":{"title":"Warum lohnt sich das? - Paneco","robots":{"index":"index","follow":"follow","max-snippet":"max-snippet:-1","max-image-preview":"max-image-preview:large","max-video-preview":"max-video-preview:-1"},"canonical":"https:\/\/paneco.eu\/de\/warum-lohnt-sich-das\/","og_locale":"de_DE","og_type":"article","og_title":"Warum lohnt sich das? - Paneco","og_description":"Europaweite Vorteile Gesch\u00e4fte laufen am besten, wenn man nach dem &#8222;Win-Win&#8220;-Prinzip arbeitet. Dieses Prinzip liegt dem Paneurop\u00e4ischen Transportnetz zugrunde, das wir eingerichtet haben, um es kleineren, lokal t\u00e4tigen Transportunternehmen, zu erleichtern, mit Unternehmen in anderen L\u00e4ndern zusammenzuarbeiten, und somit ihren Kunden die M\u00f6glichkeit zu geben, von einem europaweiten Transportdienst Gebrauch zu machen. Wir arbeiten \u00fcber [&hellip;]","og_url":"https:\/\/paneco.eu\/de\/warum-lohnt-sich-das\/","og_site_name":"Paneco","article_modified_time":"2022-02-17T11:31:45+00:00","og_image":[{"url":"http:\/\/paneco.eu\/wp-content\/uploads\/2021\/03\/dlaczego-warto.jpg"}],"twitter_card":"summary_large_image","twitter_misc":{"Gesch\u00e4tzte Lesezeit":"2\u00a0Minuten"},"schema":{"@context":"https:\/\/schema.org","@graph":[{"@type":"Organization","@id":"https:\/\/paneco.eu\/#organization","name":"PANECO","url":"https:\/\/paneco.eu\/","sameAs":[],"logo":{"@type":"ImageObject","inLanguage":"de","@id":"https:\/\/paneco.eu\/#\/schema\/logo\/image\/","url":"https:\/\/paneco.eu\/wp-content\/uploads\/2024\/07\/paneco-news.jpg","contentUrl":"https:\/\/paneco.eu\/wp-content\/uploads\/2024\/07\/paneco-news.jpg","width":1360,"height":545,"caption":"PANECO"},"image":{"@id":"https:\/\/paneco.eu\/#\/schema\/logo\/image\/"}},{"@type":"WebSite","@id":"https:\/\/paneco.eu\/#website","url":"https:\/\/paneco.eu\/","name":"Paneco","description":"Pan-European Transport Network","publisher":{"@id":"https:\/\/paneco.eu\/#organization"},"potentialAction":[{"@type":"SearchAction","target":{"@type":"EntryPoint","urlTemplate":"https:\/\/paneco.eu\/?s={search_term_string}"},"query-input":"required name=search_term_string"}],"inLanguage":"de"},{"@type":"WebPage","@id":"https:\/\/paneco.eu\/de\/warum-lohnt-sich-das\/","url":"https:\/\/paneco.eu\/de\/warum-lohnt-sich-das\/","name":"Warum lohnt sich das? - Paneco","isPartOf":{"@id":"https:\/\/paneco.eu\/#website"},"datePublished":"2021-02-25T13:41:07+00:00","dateModified":"2022-02-17T11:31:45+00:00","breadcrumb":{"@id":"https:\/\/paneco.eu\/de\/warum-lohnt-sich-das\/#breadcrumb"},"inLanguage":"de","potentialAction":[{"@type":"ReadAction","target":["https:\/\/paneco.eu\/de\/warum-lohnt-sich-das\/"]}]},{"@type":"BreadcrumbList","@id":"https:\/\/paneco.eu\/de\/warum-lohnt-sich-das\/#breadcrumb","itemListElement":[{"@type":"ListItem","position":1,"name":"Start","item":"https:\/\/paneco.eu\/de\/"},{"@type":"ListItem","position":2,"name":"Warum lohnt sich das?"}]}]}},"_links":{"self":[{"href":"https:\/\/paneco.eu\/de\/wp-json\/wp\/v2\/pages\/528"}],"collection":[{"href":"https:\/\/paneco.eu\/de\/wp-json\/wp\/v2\/pages"}],"about":[{"href":"https:\/\/paneco.eu\/de\/wp-json\/wp\/v2\/types\/page"}],"author":[{"embeddable":true,"href":"https:\/\/paneco.eu\/de\/wp-json\/wp\/v2\/users\/1"}],"replies":[{"embeddable":true,"href":"https:\/\/paneco.eu\/de\/wp-json\/wp\/v2\/comments?post=528"}],"version-history":[{"count":8,"href":"https:\/\/paneco.eu\/de\/wp-json\/wp\/v2\/pages\/528\/revisions"}],"predecessor-version":[{"id":1338,"href":"https:\/\/paneco.eu\/de\/wp-json\/wp\/v2\/pages\/528\/revisions\/1338"}],"wp:attachment":[{"href":"https:\/\/paneco.eu\/de\/wp-json\/wp\/v2\/media?parent=528"}],"curies":[{"name":"wp","href":"https:\/\/api.w.org\/{rel}","templated":true}]}}