{"id":524,"date":"2021-02-25T14:39:50","date_gmt":"2021-02-25T13:39:50","guid":{"rendered":"http:\/\/paneco.eu\/o-organizacji\/"},"modified":"2025-08-19T09:37:03","modified_gmt":"2025-08-19T07:37:03","slug":"die-organisation","status":"publish","type":"page","link":"https:\/\/paneco.eu\/de\/die-organisation\/","title":{"rendered":"\u00dcber die Organisation"},"content":{"rendered":"<h2 class=\"site__h text-center\" data-aos=\"fade-up\">Paneurop\u00e4ischer Partner f\u00fcr Transport und Spedition<\/h2>\r\n<div class=\"site__desc text-center\" data-aos=\"fade-up\">Paneco ist das erste paneurop\u00e4ische Netzwerk von Speditions- und Logistikunternehmen. Neben den gro\u00dfen, globalen Unternehmen, existieren unz\u00e4hlige kleine, mittelst\u00e4ndische Transport- und Logistikfirmen. Bisher ist es jedoch nicht gelungen, die Kompetenzen der einzelnen Marktteilnehmer in einem operativen System zu b\u00fcndeln, welches den kompletten europ\u00e4ischen Kontinent abdeckt. Genau das macht Paneco aus.<br>\r\nEin charakteristisches Merkmal von Paneco ist, dass die gr\u00f6\u00dften und wirtschaftlich st\u00e4rksten L\u00e4nder durch perfekt organisierte und funktionierende nationale Netzwerke vertreten sind. Darunter Deutschland, Gro\u00dfbritannien, Frankreich oder Italien. Die langj\u00e4hrigen Erfahrungen aus den nationalen Netzwerken flie\u00dfen nun in das neue europ\u00e4ische System ein.<\/div>\r\n<div class=\"site__desc text-center\" data-aos=\"fade-up\">Die Paneco AG ist eine in der Schweiz eingetragene Aktiengesellschaft. Unsere Aktion\u00e4re sind Unternehmen und nat\u00fcrliche Personen der Transport- und Logistikbranche aus vielen europ\u00e4ischen L\u00e4ndern. Die meisten unserer Partner sind auch am Kapital beteiligt. Dies garantiert eine langfristige Verbindung zwischen der Paneco-Organisation und unseren Mitgliedern. Die Paneco AG ist vor allem eine Plattform, die einen einheitlichen Arbeitsprozess bietet und alle Mitglieder mittels einer einheitlichen IT-L\u00f6sung verbindet. Dies erm\u00f6glicht die Arbeit innerhalb eines einheitlichen Systems und gemeinsame Qualit\u00e4tsstandards. Paneco l\u00f6st auch das Problem der verschiedenen Sprachen, die wir sprechen. Dank der einheitlichen Betriebsstandards kann jeder mit seiner eigenen Sprache im eigens entwickelten System arbeiten.<\/div>\r\n<div class=\"site__desc text-center\" data-aos=\"fade-up\">Paneco Pan European Cooperation AG<br>\r\nIndustriestrasse 47<br>\r\nCH \u2013 6300 Zug<br>\r\nSwitzerland<br>\r\nE-Mail: <a href=\"mailto:&#105;nfo&#64;p&#97;&#110;&#101;&#99;&#111;.eu\" title=\"&#105;nfo&#64;p&#97;&#110;&#101;&#99;&#111;.eu\">&#105;nfo&#64;p&#97;&#110;&#101;&#99;&#111;.eu<\/a><br>\r\nWeb : <a href=\"https:\/\/www.paneco.eu\">https:\/\/www.paneco.eu<\/a><\/div>\r\n<div class=\"site__img\">\r\n<div data-aos=\"fade-up\"><img src=\"\/wp-content\/uploads\/2021\/02\/page.jpg\" alt=\"Paneuropejski partner w transporcie i spedycji\" \/><\/div>\r\n<\/div>\r\n<div class=\"row nc-2\">\r\n<div class=\"col-md-6\" data-aos=\"fade-up\">\r\n<h3 class=\"h\">Wer steckt dahinter?<\/h3>\r\n<div class=\"p\">Das Paneco-Konzept wurde von f\u00fchrenden Vertretern der europ\u00e4ischen Transport- und Logistikbranche entwickelt, die in ihrem Tagesgesch\u00e4ft gro\u00dfe Organisationen leiten. Heute bilden sie den Vorstand von Paneco: Jochen Eschborn (Deutschland), Matteo Ravazzin (Italien), Robert Einstein (Schweiz) und Dariusz Waku\u0142a (Polen).<br><br><a href=\"\/de\/#partners\"><b>&raquo; Unsere Partner &#8211; Mitgliedsunternehmen<\/b><\/a><\/div>\r\n<\/div>\r\n<div class=\"col-md-6\" data-aos=\"fade-up\">\r\n<h3 class=\"h\">Was garantieren wir?<\/h3>\r\n<div class=\"p\">Aufbau eines Netzwerks von Transportverbindungen, das einen schnellen und kosteng\u00fcnstigen Transport jeder Sendung zwischen zwei beliebigen Punkten in Europa erm\u00f6glicht.<\/div>\r\n<div class=\"p\">Wir bringen Partner aus allen EU-L\u00e4ndern und den meisten europ\u00e4ischen Nicht-EU-L\u00e4ndern zusammen. Das Ziel von Paneco ist es, jedem unserer Mitglieder die M\u00f6glichkeit zu geben, europaweite Speditions- und Transportdienstleistungen im Bereich Sammelgut, Teil- und Komplettladungen zu erbringen.<\/div>\r\n<div class=\"p\">Daf\u00fcr stellen wir eine Betriebsplattform zur Verf\u00fcgung, die es ihnen erm\u00f6glicht, ihre Kunden besser und im gr\u00f6\u00dferen Umfang zu bedienen.<\/div>\r\n<\/div>\r\n<\/div>\r\n<div class=\"lv--4 full__width\">\r\n<div class=\"container\">\r\n<div class=\"lv--4__content\" data-aos=\"fade-up\">\r\n<div class=\"lv--4__h h\">Europaweite Transporte in guten H\u00e4nden<\/div>\r\n<div class=\"lv--4__p\">Paneco &#8211; Zuverl\u00e4ssigkeit und Sicherheit.<\/div>\r\n<\/div>\r\n<div class=\"lv--4__button\"><a class=\"button\" href=\"https:\/\/paneco.eu\/de\/kontakt\">Kontakt<\/a><\/div>\r\n<\/div>\r\n<\/div>\r\n<div class=\"lv--6\">\r\n<h2 class=\"site__h text-center\">Gesch\u00e4ftsf\u00fchrung<\/h2>\r\n<div class=\"row nc-4\">\r\n<div class=\"col-md-6 col-xl-3\" data-aos=\"fade-up\"><img src=\"\/wp-content\/uploads\/2021\/03\/o-organizacji___Jochen-Eschborn.jpg\" alt=\"Jochen Eschborn\" \/>\r\n<div class=\"lv--6__content\">\r\n<div class=\"h\">Jochen Eschborn<\/div>\r\n<div class=\"p\">Vorstand der gr\u00f6\u00dften Transportkooperation in Deutschland.<\/div>\r\n<\/div>\r\n<\/div>\r\n<div class=\"col-md-6 col-xl-3\" data-aos=\"fade-up\"><img src=\"\/wp-content\/uploads\/2021\/03\/o-organizacji___Matteo-Ravazzin.jpg\" alt=\"Matteo Ravazzin\" \/>\r\n<div class=\"lv--6__content\">\r\n<div class=\"h\">Matteo Ravazzin<\/div>\r\n<div class=\"p\">EVerantwortlich f\u00fcr das Speditionsnetzwerk ABC Network in Italien.<\/div>\r\n<\/div>\r\n<\/div>\r\n<div class=\"col-md-6 col-xl-3\" data-aos=\"fade-up\"><img src=\"\/wp-content\/uploads\/2023\/01\/r_einstein.jpg\" alt=\"Robert Einstein\" \/>\r\n<div class=\"lv--6__content\">\r\n<div class=\"h\">Robert Einstein<\/div>\r\n<div class=\"p\">Gr\u00fcnder und Leiter des Speditionsnetzwerks Cargo24 in der Schweiz.<\/div>\r\n<\/div>\r\n<\/div>\r\n<div class=\"col-md-6 col-xl-3\" data-aos=\"fade-up\"><img src=\"\/wp-content\/uploads\/2021\/03\/o-organizacji___Dariusz-Wakula.jpg\" alt=\"Dariusz Waku\u0142a\" \/>\r\n<div class=\"lv--6__content\">\r\n<div class=\"h\">Dariusz Waku\u0142a<\/div>\r\n<div class=\"p\">Betreiber vonTransport- und Speditionsunternehmen in Polen und Deutschland. Initiator des Speditionsnetzwerks Kommodus S.A. in Polen.<\/div>\r\n<\/div>\r\n<\/div>\r\n<\/div>\r\n<\/div>","protected":false},"excerpt":{"rendered":"Paneurop\u00e4ischer Partner f\u00fcr Transport und Spedition Paneco ist das erste paneurop\u00e4ische Netzwerk von Speditions- und Logistikunternehmen. Neben den gro\u00dfen, globalen Unternehmen, existieren unz\u00e4hlige kleine, mittelst\u00e4ndische Transport- und Logistikfirmen. Bisher ist es jedoch nicht gelungen, die Kompetenzen der einzelnen Marktteilnehmer in einem operativen System zu b\u00fcndeln, welches den kompletten europ\u00e4ischen Kontinent abdeckt. Genau das macht Paneco [&hellip;]","protected":false},"author":1,"featured_media":0,"parent":0,"menu_order":0,"comment_status":"closed","ping_status":"closed","template":"","meta":{"inline_featured_image":false},"yoast_head":"<!-- This site is optimized with the Yoast SEO plugin v19.4 - https:\/\/yoast.com\/wordpress\/plugins\/seo\/ -->\n<title>\u00dcber die Organisation - Paneco<\/title>\n<meta name=\"robots\" content=\"index, follow, max-snippet:-1, max-image-preview:large, max-video-preview:-1\" \/>\n<link rel=\"canonical\" href=\"https:\/\/paneco.eu\/de\/die-organisation\/\" \/>\n<meta property=\"og:locale\" content=\"de_DE\" \/>\n<meta property=\"og:type\" content=\"article\" \/>\n<meta property=\"og:title\" content=\"\u00dcber die Organisation - Paneco\" \/>\n<meta property=\"og:description\" content=\"Paneurop\u00e4ischer Partner f\u00fcr Transport und Spedition Paneco ist das erste paneurop\u00e4ische Netzwerk von Speditions- und Logistikunternehmen. Neben den gro\u00dfen, globalen Unternehmen, existieren unz\u00e4hlige kleine, mittelst\u00e4ndische Transport- und Logistikfirmen. Bisher ist es jedoch nicht gelungen, die Kompetenzen der einzelnen Marktteilnehmer in einem operativen System zu b\u00fcndeln, welches den kompletten europ\u00e4ischen Kontinent abdeckt. Genau das macht Paneco [&hellip;]\" \/>\n<meta property=\"og:url\" content=\"https:\/\/paneco.eu\/de\/die-organisation\/\" \/>\n<meta property=\"og:site_name\" content=\"Paneco\" \/>\n<meta property=\"article:modified_time\" content=\"2025-08-19T07:37:03+00:00\" \/>\n<meta property=\"og:image\" content=\"http:\/\/paneco.eu\/wp-content\/uploads\/2021\/02\/page.jpg\" \/>\n<meta name=\"twitter:card\" content=\"summary_large_image\" \/>\n<meta name=\"twitter:label1\" content=\"Gesch\u00e4tzte Lesezeit\" \/>\n\t<meta name=\"twitter:data1\" content=\"4\u00a0Minuten\" \/>\n<script type=\"application\/ld+json\" class=\"yoast-schema-graph\">{\"@context\":\"https:\/\/schema.org\",\"@graph\":[{\"@type\":\"Organization\",\"@id\":\"https:\/\/paneco.eu\/#organization\",\"name\":\"PANECO\",\"url\":\"https:\/\/paneco.eu\/\",\"sameAs\":[],\"logo\":{\"@type\":\"ImageObject\",\"inLanguage\":\"de\",\"@id\":\"https:\/\/paneco.eu\/#\/schema\/logo\/image\/\",\"url\":\"https:\/\/paneco.eu\/wp-content\/uploads\/2024\/07\/paneco-news.jpg\",\"contentUrl\":\"https:\/\/paneco.eu\/wp-content\/uploads\/2024\/07\/paneco-news.jpg\",\"width\":1360,\"height\":545,\"caption\":\"PANECO\"},\"image\":{\"@id\":\"https:\/\/paneco.eu\/#\/schema\/logo\/image\/\"}},{\"@type\":\"WebSite\",\"@id\":\"https:\/\/paneco.eu\/#website\",\"url\":\"https:\/\/paneco.eu\/\",\"name\":\"Paneco\",\"description\":\"Pan-European Transport Network\",\"publisher\":{\"@id\":\"https:\/\/paneco.eu\/#organization\"},\"potentialAction\":[{\"@type\":\"SearchAction\",\"target\":{\"@type\":\"EntryPoint\",\"urlTemplate\":\"https:\/\/paneco.eu\/?s={search_term_string}\"},\"query-input\":\"required name=search_term_string\"}],\"inLanguage\":\"de\"},{\"@type\":\"WebPage\",\"@id\":\"https:\/\/paneco.eu\/de\/die-organisation\/\",\"url\":\"https:\/\/paneco.eu\/de\/die-organisation\/\",\"name\":\"\u00dcber die Organisation - Paneco\",\"isPartOf\":{\"@id\":\"https:\/\/paneco.eu\/#website\"},\"datePublished\":\"2021-02-25T13:39:50+00:00\",\"dateModified\":\"2025-08-19T07:37:03+00:00\",\"breadcrumb\":{\"@id\":\"https:\/\/paneco.eu\/de\/die-organisation\/#breadcrumb\"},\"inLanguage\":\"de\",\"potentialAction\":[{\"@type\":\"ReadAction\",\"target\":[\"https:\/\/paneco.eu\/de\/die-organisation\/\"]}]},{\"@type\":\"BreadcrumbList\",\"@id\":\"https:\/\/paneco.eu\/de\/die-organisation\/#breadcrumb\",\"itemListElement\":[{\"@type\":\"ListItem\",\"position\":1,\"name\":\"Start\",\"item\":\"https:\/\/paneco.eu\/de\/\"},{\"@type\":\"ListItem\",\"position\":2,\"name\":\"\u00dcber die Organisation\"}]}]}<\/script>\n<!-- \/ Yoast SEO plugin. -->","yoast_head_json":{"title":"\u00dcber die Organisation - Paneco","robots":{"index":"index","follow":"follow","max-snippet":"max-snippet:-1","max-image-preview":"max-image-preview:large","max-video-preview":"max-video-preview:-1"},"canonical":"https:\/\/paneco.eu\/de\/die-organisation\/","og_locale":"de_DE","og_type":"article","og_title":"\u00dcber die Organisation - Paneco","og_description":"Paneurop\u00e4ischer Partner f\u00fcr Transport und Spedition Paneco ist das erste paneurop\u00e4ische Netzwerk von Speditions- und Logistikunternehmen. Neben den gro\u00dfen, globalen Unternehmen, existieren unz\u00e4hlige kleine, mittelst\u00e4ndische Transport- und Logistikfirmen. Bisher ist es jedoch nicht gelungen, die Kompetenzen der einzelnen Marktteilnehmer in einem operativen System zu b\u00fcndeln, welches den kompletten europ\u00e4ischen Kontinent abdeckt. Genau das macht Paneco [&hellip;]","og_url":"https:\/\/paneco.eu\/de\/die-organisation\/","og_site_name":"Paneco","article_modified_time":"2025-08-19T07:37:03+00:00","og_image":[{"url":"http:\/\/paneco.eu\/wp-content\/uploads\/2021\/02\/page.jpg"}],"twitter_card":"summary_large_image","twitter_misc":{"Gesch\u00e4tzte Lesezeit":"4\u00a0Minuten"},"schema":{"@context":"https:\/\/schema.org","@graph":[{"@type":"Organization","@id":"https:\/\/paneco.eu\/#organization","name":"PANECO","url":"https:\/\/paneco.eu\/","sameAs":[],"logo":{"@type":"ImageObject","inLanguage":"de","@id":"https:\/\/paneco.eu\/#\/schema\/logo\/image\/","url":"https:\/\/paneco.eu\/wp-content\/uploads\/2024\/07\/paneco-news.jpg","contentUrl":"https:\/\/paneco.eu\/wp-content\/uploads\/2024\/07\/paneco-news.jpg","width":1360,"height":545,"caption":"PANECO"},"image":{"@id":"https:\/\/paneco.eu\/#\/schema\/logo\/image\/"}},{"@type":"WebSite","@id":"https:\/\/paneco.eu\/#website","url":"https:\/\/paneco.eu\/","name":"Paneco","description":"Pan-European Transport Network","publisher":{"@id":"https:\/\/paneco.eu\/#organization"},"potentialAction":[{"@type":"SearchAction","target":{"@type":"EntryPoint","urlTemplate":"https:\/\/paneco.eu\/?s={search_term_string}"},"query-input":"required name=search_term_string"}],"inLanguage":"de"},{"@type":"WebPage","@id":"https:\/\/paneco.eu\/de\/die-organisation\/","url":"https:\/\/paneco.eu\/de\/die-organisation\/","name":"\u00dcber die Organisation - Paneco","isPartOf":{"@id":"https:\/\/paneco.eu\/#website"},"datePublished":"2021-02-25T13:39:50+00:00","dateModified":"2025-08-19T07:37:03+00:00","breadcrumb":{"@id":"https:\/\/paneco.eu\/de\/die-organisation\/#breadcrumb"},"inLanguage":"de","potentialAction":[{"@type":"ReadAction","target":["https:\/\/paneco.eu\/de\/die-organisation\/"]}]},{"@type":"BreadcrumbList","@id":"https:\/\/paneco.eu\/de\/die-organisation\/#breadcrumb","itemListElement":[{"@type":"ListItem","position":1,"name":"Start","item":"https:\/\/paneco.eu\/de\/"},{"@type":"ListItem","position":2,"name":"\u00dcber die Organisation"}]}]}},"_links":{"self":[{"href":"https:\/\/paneco.eu\/de\/wp-json\/wp\/v2\/pages\/524"}],"collection":[{"href":"https:\/\/paneco.eu\/de\/wp-json\/wp\/v2\/pages"}],"about":[{"href":"https:\/\/paneco.eu\/de\/wp-json\/wp\/v2\/types\/page"}],"author":[{"embeddable":true,"href":"https:\/\/paneco.eu\/de\/wp-json\/wp\/v2\/users\/1"}],"replies":[{"embeddable":true,"href":"https:\/\/paneco.eu\/de\/wp-json\/wp\/v2\/comments?post=524"}],"version-history":[{"count":20,"href":"https:\/\/paneco.eu\/de\/wp-json\/wp\/v2\/pages\/524\/revisions"}],"predecessor-version":[{"id":3019,"href":"https:\/\/paneco.eu\/de\/wp-json\/wp\/v2\/pages\/524\/revisions\/3019"}],"wp:attachment":[{"href":"https:\/\/paneco.eu\/de\/wp-json\/wp\/v2\/media?parent=524"}],"curies":[{"name":"wp","href":"https:\/\/api.w.org\/{rel}","templated":true}]}}