{"id":827,"date":"2020-07-20T14:31:58","date_gmt":"2020-07-20T12:31:58","guid":{"rendered":"https:\/\/paneco.eu\/kontakt\/"},"modified":"2025-02-20T10:03:51","modified_gmt":"2025-02-20T09:03:51","slug":"kontakt","status":"publish","type":"page","link":"https:\/\/paneco.eu\/cs\/kontakt\/","title":{"rendered":"Kontaktujte n\u00e1s"},"content":{"rendered":"<div class=\"contact\"><div class=\"container\">\r\n\t<h2 class=\"site__h text-center\">Paneco AG \u2013 <span>Panevropsk\u00e1 p\u0159epravn\u00ed s\u00ed\u0165<\/span><\/h2>\r\n\r\n\t<div class=\"row nc-3\">\r\n\t\t<div class=\"col-md-4\" data-aos=\"fade-up\">\r\n\t\t\t<div class=\"contact__item\">\r\n\t\t\t\t<div class=\"contact__icon\"><img src=\"http:\/\/paneco.eu\/wp-content\/uploads\/2021\/02\/contact-1.png\" alt=\"Adres rejestracji\"><\/div>\r\n\t\t\t\t<h3 class=\"contact__h\">Registrovan\u00e9 s\u00eddlo<\/h3>\r\n\t\t\t\t<div class=\"p\">Paneco Pan European Cooperation AG<br>Industriestrasse 47<br>CH \u2013 6300 Zug<br>\u0160v\u00fdcarsko<\/div>\r\n\t\t\t<\/div>\r\n\t\t<\/div>\r\n\t\t<div class=\"col-md-4\" data-aos=\"fade-up\">\r\n\t\t\t<div class=\"contact__item\">\r\n\t\t\t\t<div class=\"contact__icon\"><img src=\"http:\/\/paneco.eu\/wp-content\/uploads\/2021\/02\/contact-2.png\" alt=\"Telefon\"><\/div>\r\n\t\t\t\t<h3 class=\"contact__h\">Tel<\/h3>\r\n\t\t\t\t<div class=\"p\"><a href=\"tel:+41415081153\">+41 41 508 11 53<\/a><br>Jsme tu pro v\u00e1s od pond\u011bl\u00ed do p\u00e1tku od 8:00 do 16:00.<\/div>\r\n\t\t\t<\/div>\r\n\t\t<\/div>\r\n\t\t<div class=\"col-md-4\" data-aos=\"fade-up\">\r\n\t\t\t<div class=\"contact__item\">\r\n\t\t\t\t<div class=\"contact__icon\"><img src=\"http:\/\/paneco.eu\/wp-content\/uploads\/2021\/02\/contact-3.png\" alt=\"Mail\"><\/div>\r\n\t\t\t\t<h3 class=\"contact__h\">E-Mail<\/h3>\r\n\t\t\t\t<div class=\"p\"><a href=\"mailto:&#105;nf&#111;&#64;p&#97;&#110;ec&#111;.e&#117;\" title=\"&#105;nf&#111;&#64;p&#97;&#110;ec&#111;.e&#117;\">&#105;nf&#111;&#64;p&#97;&#110;ec&#111;.e&#117;<\/a><\/div>\r\n\t\t\t<\/div>\r\n\t\t<\/div>\r\n\t<\/div>\r\n<\/div><\/div>\r\n\r\n<div class=\"contact__data\"><div class=\"row\">\r\n\t<div class=\"col-md-6 contact__data__map\" data-aos=\"fade-right\">\r\n\t\t<iframe src=\"https:\/\/www.google.com\/maps\/embed?pb=!1m18!1m12!1m3!1d3216.659146367004!2d8.522050300000002!3d47.1825466!2m3!1f0!2f0!3f0!3m2!1i1024!2i768!4f13.1!3m3!1m2!1s0x479aaa4f8d5c3f55%3A0x33ffa6411a2749df!2sIndustriestrasse%2047%2C%206300%20Zug%2C%20Szwajcaria!5e1!3m2!1spl!2spl!4v1740041734964!5m2!1spl!2spl\" style=\"width:100%; height:100%; border:0;\" allowfullscreen=\"\" loading=\"lazy\" referrerpolicy=\"no-referrer-when-downgrade\"><\/iframe>\r\n\t<\/div>\r\n\t<div class=\"col-md-6\" data-aos=\"fade-left\">\r\n\t\t<div class=\"contact__data__form\">\r\n\t\t\t<h2 class=\"contact__data__h\">Zanechte n\u00e1m zpr\u00e1vu<\/h2>\r\n\t\t\t<div class=\"contact__data__p\">Pokud byste se k na\u0161\u00ed s\u00edti r\u00e1di p\u0159ipojili nebo hled\u00e1te partnera ve sv\u00e9 zemi, nev\u00e1hejte a kontaktujte n\u00e1s.<\/div>\r\n\r\n\t\t\t<div role=\"form\" class=\"wpcf7\" id=\"wpcf7-f595-o1\" lang=\"pl-PL\" dir=\"ltr\">\n<div class=\"screen-reader-response\"><p role=\"status\" aria-live=\"polite\" aria-atomic=\"true\"><\/p> <ul><\/ul><\/div>\n<form action=\"\/cs\/wp-json\/wp\/v2\/pages\/827#wpcf7-f595-o1\" method=\"post\" class=\"wpcf7-form init\" novalidate=\"novalidate\" data-status=\"init\">\n<div style=\"display: none;\">\n<input type=\"hidden\" name=\"_wpcf7\" value=\"595\" \/>\n<input type=\"hidden\" name=\"_wpcf7_version\" value=\"5.5.6.1\" \/>\n<input type=\"hidden\" name=\"_wpcf7_locale\" value=\"pl_PL\" \/>\n<input type=\"hidden\" name=\"_wpcf7_unit_tag\" value=\"wpcf7-f595-o1\" \/>\n<input type=\"hidden\" name=\"_wpcf7_container_post\" value=\"0\" \/>\n<input type=\"hidden\" name=\"_wpcf7_posted_data_hash\" value=\"\" \/>\n<input type=\"hidden\" name=\"_wpcf7_recaptcha_response\" value=\"\" \/>\n<\/div>\n<div class=\"row\">\n  <div class=\"col-md-6\">\n    <span class=\"wpcf7-form-control-wrap contact-name\"><input type=\"text\" name=\"contact-name\" value=\"\" size=\"40\" class=\"wpcf7-form-control wpcf7-text wpcf7-validates-as-required form-control\" aria-required=\"true\" aria-invalid=\"false\" placeholder=\"Name*\" \/><\/span>\n  <\/div>\n  <div class=\"col-md-6\">\n    <span class=\"wpcf7-form-control-wrap contact-email\"><input type=\"email\" name=\"contact-email\" value=\"\" size=\"40\" class=\"wpcf7-form-control wpcf7-text wpcf7-email wpcf7-validates-as-required wpcf7-validates-as-email form-control\" aria-required=\"true\" aria-invalid=\"false\" placeholder=\"E-mail *\" \/><\/span>\n  <\/div>\n  <div class=\"col-md-6\">\n    <span class=\"wpcf7-form-control-wrap contact-phone\"><input type=\"tel\" name=\"contact-phone\" value=\"\" size=\"40\" class=\"wpcf7-form-control wpcf7-text wpcf7-tel wpcf7-validates-as-tel form-control\" aria-invalid=\"false\" placeholder=\"Telephone\" \/><\/span>\n  <\/div>\n  <div class=\"col-md-6\">\n    <span class=\"wpcf7-form-control-wrap contact-subject\"><input type=\"text\" name=\"contact-subject\" value=\"\" size=\"40\" class=\"wpcf7-form-control wpcf7-text form-control\" aria-invalid=\"false\" placeholder=\"Message Subject\" \/><\/span>\n  <\/div>\n  <div class=\"col-md-12\">\n    <span class=\"wpcf7-form-control-wrap contact-message\"><textarea name=\"contact-message\" cols=\"40\" rows=\"10\" class=\"wpcf7-form-control wpcf7-textarea form-control\" aria-invalid=\"false\" placeholder=\"Message content\"><\/textarea><\/span>\n  <\/div>\n  <div class=\"col-md-12\">\n    <div class=\"wpcf7-response-output\" aria-hidden=\"true\"><\/div>\n[anr_nocaptcha g-recaptcha-response]\n    <input type=\"submit\" value=\"Send\" class=\"wpcf7-form-control has-spinner wpcf7-submit button\" \/>\n  <\/div>\n<\/div><\/form><\/div>\r\n\t\t<\/div>\r\n\t<\/div>\r\n<\/div><\/div>","protected":false},"excerpt":{"rendered":"Paneco AG \u2013 Panevropsk\u00e1 p\u0159epravn\u00ed s\u00ed\u0165 Registrovan\u00e9 s\u00eddlo Paneco Pan European Cooperation AGIndustriestrasse 47CH \u2013 6300 Zug\u0160v\u00fdcarsko Tel +41 41 508 11 53Jsme tu pro v\u00e1s od pond\u011bl\u00ed do p\u00e1tku od 8:00 do 16:00. E-Mail Zanechte n\u00e1m zpr\u00e1vu Pokud byste se k na\u0161\u00ed s\u00edti r\u00e1di p\u0159ipojili nebo hled\u00e1te partnera ve sv\u00e9 zemi, nev\u00e1hejte a kontaktujte [&hellip;]","protected":false},"author":1,"featured_media":0,"parent":0,"menu_order":0,"comment_status":"closed","ping_status":"closed","template":"templates\/page-full-width.php","meta":{"inline_featured_image":false},"yoast_head":"<!-- This site is optimized with the Yoast SEO plugin v19.4 - https:\/\/yoast.com\/wordpress\/plugins\/seo\/ -->\n<title>Kontaktujte n\u00e1s - Paneco<\/title>\n<meta name=\"robots\" content=\"index, follow, max-snippet:-1, max-image-preview:large, max-video-preview:-1\" \/>\n<link rel=\"canonical\" href=\"https:\/\/paneco.eu\/cs\/kontakt\/\" \/>\n<meta property=\"og:locale\" content=\"cs_CZ\" \/>\n<meta property=\"og:type\" content=\"article\" \/>\n<meta property=\"og:title\" content=\"Kontaktujte n\u00e1s - Paneco\" \/>\n<meta property=\"og:description\" content=\"Paneco AG \u2013 Panevropsk\u00e1 p\u0159epravn\u00ed s\u00ed\u0165 Registrovan\u00e9 s\u00eddlo Paneco Pan European Cooperation AGIndustriestrasse 47CH \u2013 6300 Zug\u0160v\u00fdcarsko Tel +41 41 508 11 53Jsme tu pro v\u00e1s od pond\u011bl\u00ed do p\u00e1tku od 8:00 do 16:00. E-Mail Zanechte n\u00e1m zpr\u00e1vu Pokud byste se k na\u0161\u00ed s\u00edti r\u00e1di p\u0159ipojili nebo hled\u00e1te partnera ve sv\u00e9 zemi, nev\u00e1hejte a kontaktujte [&hellip;]\" \/>\n<meta property=\"og:url\" content=\"https:\/\/paneco.eu\/cs\/kontakt\/\" \/>\n<meta property=\"og:site_name\" content=\"Paneco\" \/>\n<meta property=\"article:modified_time\" content=\"2025-02-20T09:03:51+00:00\" \/>\n<meta property=\"og:image\" content=\"http:\/\/paneco.eu\/wp-content\/uploads\/2021\/02\/contact-1.png\" \/>\n<meta name=\"twitter:card\" content=\"summary_large_image\" \/>\n<meta name=\"twitter:label1\" content=\"Odhadovan\u00e1 doba \u010dten\u00ed\" \/>\n\t<meta name=\"twitter:data1\" content=\"1 minuta\" \/>\n<script type=\"application\/ld+json\" class=\"yoast-schema-graph\">{\"@context\":\"https:\/\/schema.org\",\"@graph\":[{\"@type\":\"Organization\",\"@id\":\"https:\/\/paneco.eu\/#organization\",\"name\":\"PANECO\",\"url\":\"https:\/\/paneco.eu\/\",\"sameAs\":[],\"logo\":{\"@type\":\"ImageObject\",\"inLanguage\":\"cs\",\"@id\":\"https:\/\/paneco.eu\/#\/schema\/logo\/image\/\",\"url\":\"https:\/\/paneco.eu\/wp-content\/uploads\/2024\/07\/paneco-news.jpg\",\"contentUrl\":\"https:\/\/paneco.eu\/wp-content\/uploads\/2024\/07\/paneco-news.jpg\",\"width\":1360,\"height\":545,\"caption\":\"PANECO\"},\"image\":{\"@id\":\"https:\/\/paneco.eu\/#\/schema\/logo\/image\/\"}},{\"@type\":\"WebSite\",\"@id\":\"https:\/\/paneco.eu\/#website\",\"url\":\"https:\/\/paneco.eu\/\",\"name\":\"Paneco\",\"description\":\"Pan-European Transport Network\",\"publisher\":{\"@id\":\"https:\/\/paneco.eu\/#organization\"},\"potentialAction\":[{\"@type\":\"SearchAction\",\"target\":{\"@type\":\"EntryPoint\",\"urlTemplate\":\"https:\/\/paneco.eu\/?s={search_term_string}\"},\"query-input\":\"required name=search_term_string\"}],\"inLanguage\":\"cs\"},{\"@type\":\"WebPage\",\"@id\":\"https:\/\/paneco.eu\/cs\/kontakt\/\",\"url\":\"https:\/\/paneco.eu\/cs\/kontakt\/\",\"name\":\"Kontaktujte n\u00e1s - Paneco\",\"isPartOf\":{\"@id\":\"https:\/\/paneco.eu\/#website\"},\"datePublished\":\"2020-07-20T12:31:58+00:00\",\"dateModified\":\"2025-02-20T09:03:51+00:00\",\"breadcrumb\":{\"@id\":\"https:\/\/paneco.eu\/cs\/kontakt\/#breadcrumb\"},\"inLanguage\":\"cs\",\"potentialAction\":[{\"@type\":\"ReadAction\",\"target\":[\"https:\/\/paneco.eu\/cs\/kontakt\/\"]}]},{\"@type\":\"BreadcrumbList\",\"@id\":\"https:\/\/paneco.eu\/cs\/kontakt\/#breadcrumb\",\"itemListElement\":[{\"@type\":\"ListItem\",\"position\":1,\"name\":\"Start\",\"item\":\"https:\/\/paneco.eu\/cs\/\"},{\"@type\":\"ListItem\",\"position\":2,\"name\":\"Kontaktujte n\u00e1s\"}]}]}<\/script>\n<!-- \/ Yoast SEO plugin. -->","yoast_head_json":{"title":"Kontaktujte n\u00e1s - Paneco","robots":{"index":"index","follow":"follow","max-snippet":"max-snippet:-1","max-image-preview":"max-image-preview:large","max-video-preview":"max-video-preview:-1"},"canonical":"https:\/\/paneco.eu\/cs\/kontakt\/","og_locale":"cs_CZ","og_type":"article","og_title":"Kontaktujte n\u00e1s - Paneco","og_description":"Paneco AG \u2013 Panevropsk\u00e1 p\u0159epravn\u00ed s\u00ed\u0165 Registrovan\u00e9 s\u00eddlo Paneco Pan European Cooperation AGIndustriestrasse 47CH \u2013 6300 Zug\u0160v\u00fdcarsko Tel +41 41 508 11 53Jsme tu pro v\u00e1s od pond\u011bl\u00ed do p\u00e1tku od 8:00 do 16:00. E-Mail Zanechte n\u00e1m zpr\u00e1vu Pokud byste se k na\u0161\u00ed s\u00edti r\u00e1di p\u0159ipojili nebo hled\u00e1te partnera ve sv\u00e9 zemi, nev\u00e1hejte a kontaktujte [&hellip;]","og_url":"https:\/\/paneco.eu\/cs\/kontakt\/","og_site_name":"Paneco","article_modified_time":"2025-02-20T09:03:51+00:00","og_image":[{"url":"http:\/\/paneco.eu\/wp-content\/uploads\/2021\/02\/contact-1.png"}],"twitter_card":"summary_large_image","twitter_misc":{"Odhadovan\u00e1 doba \u010dten\u00ed":"1 minuta"},"schema":{"@context":"https:\/\/schema.org","@graph":[{"@type":"Organization","@id":"https:\/\/paneco.eu\/#organization","name":"PANECO","url":"https:\/\/paneco.eu\/","sameAs":[],"logo":{"@type":"ImageObject","inLanguage":"cs","@id":"https:\/\/paneco.eu\/#\/schema\/logo\/image\/","url":"https:\/\/paneco.eu\/wp-content\/uploads\/2024\/07\/paneco-news.jpg","contentUrl":"https:\/\/paneco.eu\/wp-content\/uploads\/2024\/07\/paneco-news.jpg","width":1360,"height":545,"caption":"PANECO"},"image":{"@id":"https:\/\/paneco.eu\/#\/schema\/logo\/image\/"}},{"@type":"WebSite","@id":"https:\/\/paneco.eu\/#website","url":"https:\/\/paneco.eu\/","name":"Paneco","description":"Pan-European Transport Network","publisher":{"@id":"https:\/\/paneco.eu\/#organization"},"potentialAction":[{"@type":"SearchAction","target":{"@type":"EntryPoint","urlTemplate":"https:\/\/paneco.eu\/?s={search_term_string}"},"query-input":"required name=search_term_string"}],"inLanguage":"cs"},{"@type":"WebPage","@id":"https:\/\/paneco.eu\/cs\/kontakt\/","url":"https:\/\/paneco.eu\/cs\/kontakt\/","name":"Kontaktujte n\u00e1s - Paneco","isPartOf":{"@id":"https:\/\/paneco.eu\/#website"},"datePublished":"2020-07-20T12:31:58+00:00","dateModified":"2025-02-20T09:03:51+00:00","breadcrumb":{"@id":"https:\/\/paneco.eu\/cs\/kontakt\/#breadcrumb"},"inLanguage":"cs","potentialAction":[{"@type":"ReadAction","target":["https:\/\/paneco.eu\/cs\/kontakt\/"]}]},{"@type":"BreadcrumbList","@id":"https:\/\/paneco.eu\/cs\/kontakt\/#breadcrumb","itemListElement":[{"@type":"ListItem","position":1,"name":"Start","item":"https:\/\/paneco.eu\/cs\/"},{"@type":"ListItem","position":2,"name":"Kontaktujte n\u00e1s"}]}]}},"_links":{"self":[{"href":"https:\/\/paneco.eu\/cs\/wp-json\/wp\/v2\/pages\/827"}],"collection":[{"href":"https:\/\/paneco.eu\/cs\/wp-json\/wp\/v2\/pages"}],"about":[{"href":"https:\/\/paneco.eu\/cs\/wp-json\/wp\/v2\/types\/page"}],"author":[{"embeddable":true,"href":"https:\/\/paneco.eu\/cs\/wp-json\/wp\/v2\/users\/1"}],"replies":[{"embeddable":true,"href":"https:\/\/paneco.eu\/cs\/wp-json\/wp\/v2\/comments?post=827"}],"version-history":[{"count":5,"href":"https:\/\/paneco.eu\/cs\/wp-json\/wp\/v2\/pages\/827\/revisions"}],"predecessor-version":[{"id":2461,"href":"https:\/\/paneco.eu\/cs\/wp-json\/wp\/v2\/pages\/827\/revisions\/2461"}],"wp:attachment":[{"href":"https:\/\/paneco.eu\/cs\/wp-json\/wp\/v2\/media?parent=827"}],"curies":[{"name":"wp","href":"https:\/\/api.w.org\/{rel}","templated":true}]}}